{"id":87,"date":"2021-04-13T14:24:11","date_gmt":"2021-04-13T12:24:11","guid":{"rendered":"https:\/\/www.ddec06.fr\/guide-ash-06\/?page_id=87"},"modified":"2021-10-27T16:06:30","modified_gmt":"2021-10-27T14:06:30","slug":"scolarisation-des-enfants-malades","status":"publish","type":"page","link":"https:\/\/www.ddec06.fr\/guide-ash-06\/adapter-amenager-aider-en-classe\/scolarisation-des-enfants-malades\/","title":{"rendered":"Scolarisation des enfants malades"},"content":{"rendered":"<div id=\"pl-87\"  class=\"panel-layout\" ><div id=\"pg-87-0\"  class=\"panel-grid panel-no-style\" ><div id=\"pgc-87-0-0\"  class=\"panel-grid-cell\" ><div id=\"panel-87-0-0-0\" class=\"so-panel widget widget_sow-editor panel-first-child panel-last-child\" data-index=\"0\" ><div\n\t\t\t\n\t\t\tclass=\"so-widget-sow-editor so-widget-sow-editor-base\"\n\t\t\t\n\t\t>\n<div class=\"siteorigin-widget-tinymce textwidget\">\n\t<p><span style=\"font-size: 24pt; color: #4e9072;\"><strong>Les enfants malades\u00a0:<\/strong><\/span><\/p>\n<\/div>\n<\/div><\/div><\/div><\/div><div id=\"pg-87-1\"  class=\"panel-grid panel-no-style\" ><div id=\"pgc-87-1-0\"  class=\"panel-grid-cell\" ><div id=\"panel-87-1-0-0\" class=\"so-panel widget widget_sow-editor panel-first-child panel-last-child\" data-index=\"1\" ><div\n\t\t\t\n\t\t\tclass=\"so-widget-sow-editor so-widget-sow-editor-base\"\n\t\t\t\n\t\t>\n<div class=\"siteorigin-widget-tinymce textwidget\">\n\t<p><strong><u>Minist\u00e8re de L\u2019Education Nationale : Du PAI (Projet d\u2019Accueil Individualis\u00e9)\u00a0 \u00e0 l\u2019APADHE (Accompagnement P\u00e9dagogique A domicile , \u00e0 l\u2019h\u00f4pital ou \u00e0 l\u2019\u00e9cole). <\/u><\/strong><\/p>\n<p><a href=\"https:\/\/eduscol.education.fr\/1207\/la-scolarisation-des-enfants-malades\"><img loading=\"lazy\" decoding=\"async\" class=\"alignnone size-full wp-image-526\" src=\"https:\/\/www.ddec06.fr\/guide-ash-06\/wp-content\/uploads\/2021\/10\/www.jpg\" alt=\"\" width=\"56\" height=\"21\" \/>La scolarisation des enfants malades<\/a> - <em>\u00e9duscol | Minist\u00e8re de l'\u00c9ducation nationale, de la Jeunesse et des Sports - Direction g\u00e9n\u00e9rale de l'enseignement scolaire (education.fr)<\/em><\/p>\n<hr \/>\n<p><span style=\"text-decoration: underline;\"><strong>L\u2019\u00e9l\u00e8ve malade\u00a0: l\u2019\u00e9cole \u00e0 l\u2019h\u00f4pital ou \u00e0 domicile\u00a0:<\/strong><\/span><\/p>\n<p><a href=\"https:\/\/www.education.gouv.fr\/eleves-malades-l-ecole-l-hopital-ou-domicile-2738\"><img loading=\"lazy\" decoding=\"async\" class=\"alignnone size-full wp-image-526\" src=\"https:\/\/www.ddec06.fr\/guide-ash-06\/wp-content\/uploads\/2021\/10\/www.jpg\" alt=\"\" width=\"56\" height=\"21\" \/> \u00c9l\u00e8ves malades : l'\u00c9cole \u00e0 l'h\u00f4pital ou \u00e0 domicile | Minist\u00e8re de l'Education Nationale de la Jeunesse et des Sports<\/a><\/p>\n<hr \/>\n<p><span style=\"text-decoration: underline;\"><strong>L\u2019APADHE en question\u00a0:<\/strong><\/span><\/p>\n<p><a href=\"https:\/\/www.ih2ef.gouv.fr\/accompagnement-pedagogique-domicile-lhopital-ou-lecole-apadhe\"><img loading=\"lazy\" decoding=\"async\" class=\"alignnone size-full wp-image-526\" src=\"https:\/\/www.ddec06.fr\/guide-ash-06\/wp-content\/uploads\/2021\/10\/www.jpg\" alt=\"\" width=\"56\" height=\"21\" \/> Accompagnement p\u00e9dagogique \u00e0 domicile \u00e0 l'h\u00f4pital ou \u00e0 l'\u00e9cole - APADHE (ih2ef.gouv.fr)<\/a>\u00a0Voir rubrique \u00ab Pour\u00a0aller plus loin\u00a0\u00bb<\/p>\n<\/div>\n<\/div><\/div><\/div><div id=\"pgc-87-1-1\"  class=\"panel-grid-cell\" ><div id=\"panel-87-1-1-0\" class=\"so-panel widget widget_sow-image panel-first-child panel-last-child\" data-index=\"2\" ><div\n\t\t\t\n\t\t\tclass=\"so-widget-sow-image so-widget-sow-image-default-8b5b6f678277-87\"\n\t\t\t\n\t\t>\n\n<div class=\"sow-image-container\">\n\t\t<img decoding=\"async\" src=\"https:\/\/www.ddec06.fr\/guide-ash-06\/wp-content\/uploads\/2021\/10\/enfant-hopital.jpg\" width=\"1600\" height=\"1067\" srcset=\"https:\/\/www.ddec06.fr\/guide-ash-06\/wp-content\/uploads\/2021\/10\/enfant-hopital.jpg 1600w, https:\/\/www.ddec06.fr\/guide-ash-06\/wp-content\/uploads\/2021\/10\/enfant-hopital-300x200.jpg 300w, https:\/\/www.ddec06.fr\/guide-ash-06\/wp-content\/uploads\/2021\/10\/enfant-hopital-1024x683.jpg 1024w, https:\/\/www.ddec06.fr\/guide-ash-06\/wp-content\/uploads\/2021\/10\/enfant-hopital-768x512.jpg 768w, https:\/\/www.ddec06.fr\/guide-ash-06\/wp-content\/uploads\/2021\/10\/enfant-hopital-1536x1024.jpg 1536w, https:\/\/www.ddec06.fr\/guide-ash-06\/wp-content\/uploads\/2021\/10\/enfant-hopital-465x310.jpg 465w, https:\/\/www.ddec06.fr\/guide-ash-06\/wp-content\/uploads\/2021\/10\/enfant-hopital-695x463.jpg 695w, https:\/\/www.ddec06.fr\/guide-ash-06\/wp-content\/uploads\/2021\/10\/enfant-hopital-272x182.jpg 272w\" sizes=\"auto, (max-width: 1600px) 100vw, 1600px\" title=\"enfant hopital\" alt=\"\" loading=\"lazy\" \t\tclass=\"so-widget-image\"\/>\n\t<\/div>\n\n<\/div><\/div><\/div><\/div><\/div>","protected":false},"excerpt":{"rendered":"<p>Les enfants malades\u00a0: Minist\u00e8re de L\u2019Education Nationale : Du PAI (Projet d\u2019Accueil Individualis\u00e9)\u00a0 \u00e0 l\u2019APADHE (Accompagnement P\u00e9dagogique A domicile , \u00e0 l\u2019h\u00f4pital ou \u00e0 l\u2019\u00e9cole). La scolarisation des enfants malades &#8211; \u00e9duscol | Minist\u00e8re de l&rsquo;\u00c9ducation nationale, de la Jeunesse et des Sports &#8211; Direction g\u00e9n\u00e9rale de l&rsquo;enseignement scolaire (education.fr)<span class=\"more-link\"><a href=\"https:\/\/www.ddec06.fr\/guide-ash-06\/adapter-amenager-aider-en-classe\/scolarisation-des-enfants-malades\/\">Lire la suite<\/a><\/span><\/p>\n","protected":false},"author":1,"featured_media":557,"parent":24,"menu_order":3,"comment_status":"closed","ping_status":"closed","template":"","meta":{"footnotes":""},"class_list":["entry","author-administrateur","post-87","page","type-page","status-publish","has-post-thumbnail"],"yoast_head":"<!-- This site is optimized with the Yoast SEO plugin v22.1 - https:\/\/yoast.com\/wordpress\/plugins\/seo\/ -->\n<title>Scolarisation des enfants malades - GUIDE Ecole Inclusive de l&#039;Enseignement Catholique des Alpes-Maritimes<\/title>\n<meta name=\"robots\" content=\"index, follow, max-snippet:-1, max-image-preview:large, max-video-preview:-1\" \/>\n<link rel=\"canonical\" href=\"https:\/\/www.ddec06.fr\/guide-ash-06\/adapter-amenager-aider-en-classe\/scolarisation-des-enfants-malades\/\" \/>\n<meta property=\"og:locale\" content=\"fr_FR\" \/>\n<meta property=\"og:type\" content=\"article\" \/>\n<meta property=\"og:title\" content=\"Scolarisation des enfants malades - GUIDE Ecole Inclusive de l&#039;Enseignement Catholique des Alpes-Maritimes\" \/>\n<meta property=\"og:description\" content=\"Les enfants malades\u00a0: Minist\u00e8re de L\u2019Education Nationale : Du PAI (Projet d\u2019Accueil Individualis\u00e9)\u00a0 \u00e0 l\u2019APADHE (Accompagnement P\u00e9dagogique A domicile , \u00e0 l\u2019h\u00f4pital ou \u00e0 l\u2019\u00e9cole). La scolarisation des enfants malades - \u00e9duscol | Minist\u00e8re de l&#039;\u00c9ducation nationale, de la Jeunesse et des Sports - Direction g\u00e9n\u00e9rale de l&#039;enseignement scolaire (education.fr)Lire la suite\" \/>\n<meta property=\"og:url\" content=\"https:\/\/www.ddec06.fr\/guide-ash-06\/adapter-amenager-aider-en-classe\/scolarisation-des-enfants-malades\/\" \/>\n<meta property=\"og:site_name\" content=\"GUIDE Ecole Inclusive de l&#039;Enseignement Catholique des Alpes-Maritimes\" \/>\n<meta property=\"article:modified_time\" content=\"2021-10-27T14:06:30+00:00\" \/>\n<meta property=\"og:image\" content=\"https:\/\/www.ddec06.fr\/guide-ash-06\/wp-content\/uploads\/2021\/10\/enfant-hopital.jpg\" \/>\n\t<meta property=\"og:image:width\" content=\"1600\" \/>\n\t<meta property=\"og:image:height\" content=\"1067\" \/>\n\t<meta property=\"og:image:type\" content=\"image\/jpeg\" \/>\n<meta name=\"twitter:card\" content=\"summary_large_image\" \/>\n<meta name=\"twitter:label1\" content=\"Dur\u00e9e de lecture estim\u00e9e\" \/>\n\t<meta name=\"twitter:data1\" content=\"2 minutes\" \/>\n<script type=\"application\/ld+json\" class=\"yoast-schema-graph\">{\"@context\":\"https:\/\/schema.org\",\"@graph\":[{\"@type\":\"WebPage\",\"@id\":\"https:\/\/www.ddec06.fr\/guide-ash-06\/adapter-amenager-aider-en-classe\/scolarisation-des-enfants-malades\/\",\"url\":\"https:\/\/www.ddec06.fr\/guide-ash-06\/adapter-amenager-aider-en-classe\/scolarisation-des-enfants-malades\/\",\"name\":\"Scolarisation des enfants malades - GUIDE Ecole Inclusive de l&#039;Enseignement Catholique des Alpes-Maritimes\",\"isPartOf\":{\"@id\":\"https:\/\/www.ddec06.fr\/guide-ash-06\/#website\"},\"datePublished\":\"2021-04-13T12:24:11+00:00\",\"dateModified\":\"2021-10-27T14:06:30+00:00\",\"breadcrumb\":{\"@id\":\"https:\/\/www.ddec06.fr\/guide-ash-06\/adapter-amenager-aider-en-classe\/scolarisation-des-enfants-malades\/#breadcrumb\"},\"inLanguage\":\"fr-FR\",\"potentialAction\":[{\"@type\":\"ReadAction\",\"target\":[\"https:\/\/www.ddec06.fr\/guide-ash-06\/adapter-amenager-aider-en-classe\/scolarisation-des-enfants-malades\/\"]}]},{\"@type\":\"BreadcrumbList\",\"@id\":\"https:\/\/www.ddec06.fr\/guide-ash-06\/adapter-amenager-aider-en-classe\/scolarisation-des-enfants-malades\/#breadcrumb\",\"itemListElement\":[{\"@type\":\"ListItem\",\"position\":1,\"name\":\"Accueil\",\"item\":\"https:\/\/www.ddec06.fr\/guide-ash-06\/\"},{\"@type\":\"ListItem\",\"position\":2,\"name\":\"Adapter &#8211; Am\u00e9nager &#8211; Aider en classe\",\"item\":\"https:\/\/www.ddec06.fr\/guide-ash-06\/adapter-amenager-aider-en-classe\/\"},{\"@type\":\"ListItem\",\"position\":3,\"name\":\"Scolarisation des enfants malades\"}]},{\"@type\":\"WebSite\",\"@id\":\"https:\/\/www.ddec06.fr\/guide-ash-06\/#website\",\"url\":\"https:\/\/www.ddec06.fr\/guide-ash-06\/\",\"name\":\"GUIDE Ecole Inclusive de l&#039;Enseignement Catholique des Alpes-Maritimes\",\"description\":\"Accueillir les diff\u00e9rences en milieu scolaire.\",\"publisher\":{\"@id\":\"https:\/\/www.ddec06.fr\/guide-ash-06\/#organization\"},\"potentialAction\":[{\"@type\":\"SearchAction\",\"target\":{\"@type\":\"EntryPoint\",\"urlTemplate\":\"https:\/\/www.ddec06.fr\/guide-ash-06\/?s={search_term_string}\"},\"query-input\":\"required name=search_term_string\"}],\"inLanguage\":\"fr-FR\"},{\"@type\":\"Organization\",\"@id\":\"https:\/\/www.ddec06.fr\/guide-ash-06\/#organization\",\"name\":\"GUIDE Ecole Inclusive de l&#039;Enseignement Catholique des Alpes-Maritimes\",\"url\":\"https:\/\/www.ddec06.fr\/guide-ash-06\/\",\"logo\":{\"@type\":\"ImageObject\",\"inLanguage\":\"fr-FR\",\"@id\":\"https:\/\/www.ddec06.fr\/guide-ash-06\/#\/schema\/logo\/image\/\",\"url\":\"https:\/\/www.ddec06.fr\/guide-ash-06\/wp-content\/uploads\/2021\/04\/cropped-DDEC-DIOCESE-DE-NICE-SANS-DEGRADE-1-1.png\",\"contentUrl\":\"https:\/\/www.ddec06.fr\/guide-ash-06\/wp-content\/uploads\/2021\/04\/cropped-DDEC-DIOCESE-DE-NICE-SANS-DEGRADE-1-1.png\",\"width\":167,\"height\":100,\"caption\":\"GUIDE Ecole Inclusive de l&#039;Enseignement Catholique des Alpes-Maritimes\"},\"image\":{\"@id\":\"https:\/\/www.ddec06.fr\/guide-ash-06\/#\/schema\/logo\/image\/\"}}]}<\/script>\n<!-- \/ Yoast SEO plugin. -->","yoast_head_json":{"title":"Scolarisation des enfants malades - GUIDE Ecole Inclusive de l&#039;Enseignement Catholique des Alpes-Maritimes","robots":{"index":"index","follow":"follow","max-snippet":"max-snippet:-1","max-image-preview":"max-image-preview:large","max-video-preview":"max-video-preview:-1"},"canonical":"https:\/\/www.ddec06.fr\/guide-ash-06\/adapter-amenager-aider-en-classe\/scolarisation-des-enfants-malades\/","og_locale":"fr_FR","og_type":"article","og_title":"Scolarisation des enfants malades - GUIDE Ecole Inclusive de l&#039;Enseignement Catholique des Alpes-Maritimes","og_description":"Les enfants malades\u00a0: Minist\u00e8re de L\u2019Education Nationale : Du PAI (Projet d\u2019Accueil Individualis\u00e9)\u00a0 \u00e0 l\u2019APADHE (Accompagnement P\u00e9dagogique A domicile , \u00e0 l\u2019h\u00f4pital ou \u00e0 l\u2019\u00e9cole). La scolarisation des enfants malades - \u00e9duscol | Minist\u00e8re de l'\u00c9ducation nationale, de la Jeunesse et des Sports - Direction g\u00e9n\u00e9rale de l'enseignement scolaire (education.fr)Lire la suite","og_url":"https:\/\/www.ddec06.fr\/guide-ash-06\/adapter-amenager-aider-en-classe\/scolarisation-des-enfants-malades\/","og_site_name":"GUIDE Ecole Inclusive de l&#039;Enseignement Catholique des Alpes-Maritimes","article_modified_time":"2021-10-27T14:06:30+00:00","og_image":[{"width":1600,"height":1067,"url":"https:\/\/www.ddec06.fr\/guide-ash-06\/wp-content\/uploads\/2021\/10\/enfant-hopital.jpg","type":"image\/jpeg"}],"twitter_card":"summary_large_image","twitter_misc":{"Dur\u00e9e de lecture estim\u00e9e":"2 minutes"},"schema":{"@context":"https:\/\/schema.org","@graph":[{"@type":"WebPage","@id":"https:\/\/www.ddec06.fr\/guide-ash-06\/adapter-amenager-aider-en-classe\/scolarisation-des-enfants-malades\/","url":"https:\/\/www.ddec06.fr\/guide-ash-06\/adapter-amenager-aider-en-classe\/scolarisation-des-enfants-malades\/","name":"Scolarisation des enfants malades - GUIDE Ecole Inclusive de l&#039;Enseignement Catholique des Alpes-Maritimes","isPartOf":{"@id":"https:\/\/www.ddec06.fr\/guide-ash-06\/#website"},"datePublished":"2021-04-13T12:24:11+00:00","dateModified":"2021-10-27T14:06:30+00:00","breadcrumb":{"@id":"https:\/\/www.ddec06.fr\/guide-ash-06\/adapter-amenager-aider-en-classe\/scolarisation-des-enfants-malades\/#breadcrumb"},"inLanguage":"fr-FR","potentialAction":[{"@type":"ReadAction","target":["https:\/\/www.ddec06.fr\/guide-ash-06\/adapter-amenager-aider-en-classe\/scolarisation-des-enfants-malades\/"]}]},{"@type":"BreadcrumbList","@id":"https:\/\/www.ddec06.fr\/guide-ash-06\/adapter-amenager-aider-en-classe\/scolarisation-des-enfants-malades\/#breadcrumb","itemListElement":[{"@type":"ListItem","position":1,"name":"Accueil","item":"https:\/\/www.ddec06.fr\/guide-ash-06\/"},{"@type":"ListItem","position":2,"name":"Adapter &#8211; Am\u00e9nager &#8211; Aider en classe","item":"https:\/\/www.ddec06.fr\/guide-ash-06\/adapter-amenager-aider-en-classe\/"},{"@type":"ListItem","position":3,"name":"Scolarisation des enfants malades"}]},{"@type":"WebSite","@id":"https:\/\/www.ddec06.fr\/guide-ash-06\/#website","url":"https:\/\/www.ddec06.fr\/guide-ash-06\/","name":"GUIDE Ecole Inclusive de l&#039;Enseignement Catholique des Alpes-Maritimes","description":"Accueillir les diff\u00e9rences en milieu scolaire.","publisher":{"@id":"https:\/\/www.ddec06.fr\/guide-ash-06\/#organization"},"potentialAction":[{"@type":"SearchAction","target":{"@type":"EntryPoint","urlTemplate":"https:\/\/www.ddec06.fr\/guide-ash-06\/?s={search_term_string}"},"query-input":"required name=search_term_string"}],"inLanguage":"fr-FR"},{"@type":"Organization","@id":"https:\/\/www.ddec06.fr\/guide-ash-06\/#organization","name":"GUIDE Ecole Inclusive de l&#039;Enseignement Catholique des Alpes-Maritimes","url":"https:\/\/www.ddec06.fr\/guide-ash-06\/","logo":{"@type":"ImageObject","inLanguage":"fr-FR","@id":"https:\/\/www.ddec06.fr\/guide-ash-06\/#\/schema\/logo\/image\/","url":"https:\/\/www.ddec06.fr\/guide-ash-06\/wp-content\/uploads\/2021\/04\/cropped-DDEC-DIOCESE-DE-NICE-SANS-DEGRADE-1-1.png","contentUrl":"https:\/\/www.ddec06.fr\/guide-ash-06\/wp-content\/uploads\/2021\/04\/cropped-DDEC-DIOCESE-DE-NICE-SANS-DEGRADE-1-1.png","width":167,"height":100,"caption":"GUIDE Ecole Inclusive de l&#039;Enseignement Catholique des Alpes-Maritimes"},"image":{"@id":"https:\/\/www.ddec06.fr\/guide-ash-06\/#\/schema\/logo\/image\/"}}]}},"jetpack_sharing_enabled":true,"_links":{"self":[{"href":"https:\/\/www.ddec06.fr\/guide-ash-06\/wp-json\/wp\/v2\/pages\/87","targetHints":{"allow":["GET"]}}],"collection":[{"href":"https:\/\/www.ddec06.fr\/guide-ash-06\/wp-json\/wp\/v2\/pages"}],"about":[{"href":"https:\/\/www.ddec06.fr\/guide-ash-06\/wp-json\/wp\/v2\/types\/page"}],"author":[{"embeddable":true,"href":"https:\/\/www.ddec06.fr\/guide-ash-06\/wp-json\/wp\/v2\/users\/1"}],"replies":[{"embeddable":true,"href":"https:\/\/www.ddec06.fr\/guide-ash-06\/wp-json\/wp\/v2\/comments?post=87"}],"version-history":[{"count":11,"href":"https:\/\/www.ddec06.fr\/guide-ash-06\/wp-json\/wp\/v2\/pages\/87\/revisions"}],"predecessor-version":[{"id":678,"href":"https:\/\/www.ddec06.fr\/guide-ash-06\/wp-json\/wp\/v2\/pages\/87\/revisions\/678"}],"up":[{"embeddable":true,"href":"https:\/\/www.ddec06.fr\/guide-ash-06\/wp-json\/wp\/v2\/pages\/24"}],"wp:featuredmedia":[{"embeddable":true,"href":"https:\/\/www.ddec06.fr\/guide-ash-06\/wp-json\/wp\/v2\/media\/557"}],"wp:attachment":[{"href":"https:\/\/www.ddec06.fr\/guide-ash-06\/wp-json\/wp\/v2\/media?parent=87"}],"curies":[{"name":"wp","href":"https:\/\/api.w.org\/{rel}","templated":true}]}}