{"id":509,"date":"2021-10-21T15:11:39","date_gmt":"2021-10-21T13:11:39","guid":{"rendered":"https:\/\/www.ddec06.fr\/guide-ash-06\/?page_id=509"},"modified":"2021-10-21T15:11:39","modified_gmt":"2021-10-21T13:11:39","slug":"arborescence-du-site","status":"publish","type":"page","link":"https:\/\/www.ddec06.fr\/guide-ash-06\/arborescence-du-site\/","title":{"rendered":"Arborescence du Site"},"content":{"rendered":"<p><strong><div class=\"wsp-container\"><h2 class=\"wsp-pages-title\">Pages<\/h2>\n<ul class=\"wsp-pages-list\">\n<li class=\"page_item page-item-509\"><a href=\"https:\/\/www.ddec06.fr\/guide-ash-06\/arborescence-du-site\/\">Arborescence du Site<\/a><\/li>\n<li class=\"page_item page-item-314\"><a href=\"https:\/\/www.ddec06.fr\/guide-ash-06\/glossaire\/\">Glossaire<\/a><\/li>\n<li class=\"page_item page-item-10\"><a href=\"https:\/\/www.ddec06.fr\/guide-ash-06\/\">Index<\/a><\/li>\n<li class=\"page_item page-item-567\"><a href=\"https:\/\/www.ddec06.fr\/guide-ash-06\/politique-de-cookies-eu\/\">Politique de cookies (EU)<\/a><\/li>\n<li class=\"page_item page-item-9 page_item_has_children\"><a href=\"https:\/\/www.ddec06.fr\/guide-ash-06\/scolariser-des-eleves-a-besoins-educatifs-particuliers-et-en-situation-de-handicap\/\">Scolariser des \u00e9l\u00e8ves \u00e0 besoins \u00e9ducatifs particuliers et en situation de handicap<\/a>\n<ul class='children'>\n\t<li class=\"page_item page-item-379\"><a href=\"https:\/\/www.ddec06.fr\/guide-ash-06\/scolariser-des-eleves-a-besoins-educatifs-particuliers-et-en-situation-de-handicap\/amenagements-des-examens\/\">Am\u00e9nagements des examens<\/a><\/li>\n\t<li class=\"page_item page-item-12\"><a href=\"https:\/\/www.ddec06.fr\/guide-ash-06\/scolariser-des-eleves-a-besoins-educatifs-particuliers-et-en-situation-de-handicap\/les-recommandations-officielles\/\">Les recommandations officielles<\/a><\/li>\n\t<li class=\"page_item page-item-14\"><a href=\"https:\/\/www.ddec06.fr\/guide-ash-06\/scolariser-des-eleves-a-besoins-educatifs-particuliers-et-en-situation-de-handicap\/les-differents-plans\/\">Les diff\u00e9rents plans<\/a><\/li>\n\t<li class=\"page_item page-item-16\"><a href=\"https:\/\/www.ddec06.fr\/guide-ash-06\/scolariser-des-eleves-a-besoins-educatifs-particuliers-et-en-situation-de-handicap\/les-p-i-a-l\/\">Les PIAL<\/a><\/li>\n\t<li class=\"page_item page-item-18\"><a href=\"https:\/\/www.ddec06.fr\/guide-ash-06\/scolariser-des-eleves-a-besoins-educatifs-particuliers-et-en-situation-de-handicap\/les-aesh\/\">Les AESH<\/a><\/li>\n\t<li class=\"page_item page-item-20\"><a href=\"https:\/\/www.ddec06.fr\/guide-ash-06\/scolariser-des-eleves-a-besoins-educatifs-particuliers-et-en-situation-de-handicap\/la-mdph\/\">La MDPH<\/a><\/li>\n<\/ul>\n<\/li>\n<li class=\"page_item page-item-24 page_item_has_children\"><a href=\"https:\/\/www.ddec06.fr\/guide-ash-06\/adapter-amenager-aider-en-classe\/\">Adapter &#8211; Am\u00e9nager &#8211; Aider en classe<\/a>\n<ul class='children'>\n\t<li class=\"page_item page-item-486\"><a href=\"https:\/\/www.ddec06.fr\/guide-ash-06\/adapter-amenager-aider-en-classe\/eleves-allophones\/\">Les \u00e9l\u00e8ves allophones nouvellement arriv\u00e9s en France<\/a><\/li>\n\t<li class=\"page_item page-item-30\"><a href=\"https:\/\/www.ddec06.fr\/guide-ash-06\/adapter-amenager-aider-en-classe\/suivant-les-troubles-dapprentissage-dyslexie-dysorthographie-dyphasie-etc\/\">Suivant les troubles d&rsquo;apprentissage : dyslexie &#8211; dysorthographie &#8211; dysphasie etc&#8230;<\/a><\/li>\n\t<li class=\"page_item page-item-85\"><a href=\"https:\/\/www.ddec06.fr\/guide-ash-06\/adapter-amenager-aider-en-classe\/la-question-des-eleves-hpi\/\">La question des \u00e9l\u00e8ves HPI<\/a><\/li>\n\t<li class=\"page_item page-item-89\"><a href=\"https:\/\/www.ddec06.fr\/guide-ash-06\/adapter-amenager-aider-en-classe\/la-question-de-l-accessibilite-pedagogique\/\">La question de l&rsquo;accessibilit\u00e9 p\u00e9dagogique<\/a><\/li>\n\t<li class=\"page_item page-item-87\"><a href=\"https:\/\/www.ddec06.fr\/guide-ash-06\/adapter-amenager-aider-en-classe\/scolarisation-des-enfants-malades\/\">Scolarisation des enfants malades<\/a><\/li>\n\t<li class=\"page_item page-item-92\"><a href=\"https:\/\/www.ddec06.fr\/guide-ash-06\/adapter-amenager-aider-en-classe\/plateforme-cap-ecole-inclusive\/\">Plateforme Cap \u00e9cole inclusive<\/a><\/li>\n\t<li class=\"page_item page-item-94\"><a href=\"https:\/\/www.ddec06.fr\/guide-ash-06\/adapter-amenager-aider-en-classe\/ressources-1er-2d-degre\/\">Ressources 1er \/ 2d degr\u00e9<\/a><\/li>\n<\/ul>\n<\/li>\n<li class=\"page_item page-item-26 page_item_has_children\"><a href=\"https:\/\/www.ddec06.fr\/guide-ash-06\/les-structures-et-dispositifs-adaptes-les-centres-et-professionnels-partenaires\/\">Les structures et dispositifs adapt\u00e9s &#8211; Les centres et professionnels partenaires<\/a>\n<ul class='children'>\n\t<li class=\"page_item page-item-247\"><a href=\"https:\/\/www.ddec06.fr\/guide-ash-06\/les-structures-et-dispositifs-adaptes-les-centres-et-professionnels-partenaires\/les-etablissements-avec-ra-et-ulis-dans-le-diocese\/\">Les \u00e9tablissements avec RA et ULIS dans le dioc\u00e8se<\/a><\/li>\n\t<li class=\"page_item page-item-249\"><a href=\"https:\/\/www.ddec06.fr\/guide-ash-06\/les-structures-et-dispositifs-adaptes-les-centres-et-professionnels-partenaires\/les-structures-et-dispositifs-dans-lacademie-rased-ulis-ime-itep-segpa-la-liste-des-erh\/\">Les structures et dispositifs dans l&rsquo;acad\u00e9mie : Rased &#8211; Ulis &#8211; IME\/ITEP &#8211; SEGPA &#8211; la liste des ERH<\/a><\/li>\n\t<li class=\"page_item page-item-251\"><a href=\"https:\/\/www.ddec06.fr\/guide-ash-06\/les-structures-et-dispositifs-adaptes-les-centres-et-professionnels-partenaires\/les-centres-certa-cra\/\">Les centres : CERTA &#8211; CRA<\/a><\/li>\n\t<li class=\"page_item page-item-253\"><a href=\"https:\/\/www.ddec06.fr\/guide-ash-06\/les-structures-et-dispositifs-adaptes-les-centres-et-professionnels-partenaires\/les-professionnels-de-la-reeducation\/\">Les professionnels de la r\u00e9\u00e9ducation<\/a><\/li>\n<\/ul>\n<\/li>\n<li class=\"page_item page-item-28 page_item_has_children\"><a href=\"https:\/\/www.ddec06.fr\/guide-ash-06\/du-cote-des-parents\/\">Du c\u00f4t\u00e9 des parents<\/a>\n<ul class='children'>\n\t<li class=\"page_item page-item-259\"><a href=\"https:\/\/www.ddec06.fr\/guide-ash-06\/du-cote-des-parents\/les-associations-partenaires\/\">Les associations partenaires<\/a><\/li>\n\t<li class=\"page_item page-item-261\"><a href=\"https:\/\/www.ddec06.fr\/guide-ash-06\/du-cote-des-parents\/lapel06\/\">L&rsquo;APEL Nationale<\/a><\/li>\n\t<li class=\"page_item page-item-263\"><a href=\"https:\/\/www.ddec06.fr\/guide-ash-06\/du-cote-des-parents\/les-services-academiques-ien-ash\/\">Les services acad\u00e9miques : IEN ASH<\/a><\/li>\n<\/ul>\n<\/li>\n<\/ul>\n<\/div><\/strong><\/p>\n","protected":false},"excerpt":{"rendered":"<p><span class=\"more-link\"><a href=\"https:\/\/www.ddec06.fr\/guide-ash-06\/arborescence-du-site\/\">Lire la suite<\/a><\/span><\/p>\n","protected":false},"author":1,"featured_media":0,"parent":0,"menu_order":0,"comment_status":"closed","ping_status":"closed","template":"","meta":{"footnotes":""},"class_list":["entry","author-administrateur","post-509","page","type-page","status-publish"],"yoast_head":"<!-- This site is optimized with the Yoast SEO plugin v22.1 - https:\/\/yoast.com\/wordpress\/plugins\/seo\/ -->\n<title>Arborescence du Site - GUIDE Ecole Inclusive de l&#039;Enseignement Catholique des Alpes-Maritimes<\/title>\n<meta name=\"robots\" content=\"index, follow, max-snippet:-1, max-image-preview:large, max-video-preview:-1\" \/>\n<link rel=\"canonical\" href=\"https:\/\/www.ddec06.fr\/guide-ash-06\/arborescence-du-site\/\" \/>\n<meta property=\"og:locale\" content=\"fr_FR\" \/>\n<meta property=\"og:type\" content=\"article\" \/>\n<meta property=\"og:title\" content=\"Arborescence du Site - GUIDE Ecole Inclusive de l&#039;Enseignement Catholique des Alpes-Maritimes\" \/>\n<meta property=\"og:description\" content=\"Lire la suite\" \/>\n<meta property=\"og:url\" content=\"https:\/\/www.ddec06.fr\/guide-ash-06\/arborescence-du-site\/\" \/>\n<meta property=\"og:site_name\" content=\"GUIDE Ecole Inclusive de l&#039;Enseignement Catholique des Alpes-Maritimes\" \/>\n<meta name=\"twitter:card\" content=\"summary_large_image\" \/>\n<script type=\"application\/ld+json\" class=\"yoast-schema-graph\">{\"@context\":\"https:\/\/schema.org\",\"@graph\":[{\"@type\":\"WebPage\",\"@id\":\"https:\/\/www.ddec06.fr\/guide-ash-06\/arborescence-du-site\/\",\"url\":\"https:\/\/www.ddec06.fr\/guide-ash-06\/arborescence-du-site\/\",\"name\":\"Arborescence du Site - GUIDE Ecole Inclusive de l&#039;Enseignement Catholique des Alpes-Maritimes\",\"isPartOf\":{\"@id\":\"https:\/\/www.ddec06.fr\/guide-ash-06\/#website\"},\"datePublished\":\"2021-10-21T13:11:39+00:00\",\"dateModified\":\"2021-10-21T13:11:39+00:00\",\"breadcrumb\":{\"@id\":\"https:\/\/www.ddec06.fr\/guide-ash-06\/arborescence-du-site\/#breadcrumb\"},\"inLanguage\":\"fr-FR\",\"potentialAction\":[{\"@type\":\"ReadAction\",\"target\":[\"https:\/\/www.ddec06.fr\/guide-ash-06\/arborescence-du-site\/\"]}]},{\"@type\":\"BreadcrumbList\",\"@id\":\"https:\/\/www.ddec06.fr\/guide-ash-06\/arborescence-du-site\/#breadcrumb\",\"itemListElement\":[{\"@type\":\"ListItem\",\"position\":1,\"name\":\"Accueil\",\"item\":\"https:\/\/www.ddec06.fr\/guide-ash-06\/\"},{\"@type\":\"ListItem\",\"position\":2,\"name\":\"Arborescence du Site\"}]},{\"@type\":\"WebSite\",\"@id\":\"https:\/\/www.ddec06.fr\/guide-ash-06\/#website\",\"url\":\"https:\/\/www.ddec06.fr\/guide-ash-06\/\",\"name\":\"GUIDE Ecole Inclusive de l&#039;Enseignement Catholique des Alpes-Maritimes\",\"description\":\"Accueillir les diff\u00e9rences en milieu scolaire.\",\"publisher\":{\"@id\":\"https:\/\/www.ddec06.fr\/guide-ash-06\/#organization\"},\"potentialAction\":[{\"@type\":\"SearchAction\",\"target\":{\"@type\":\"EntryPoint\",\"urlTemplate\":\"https:\/\/www.ddec06.fr\/guide-ash-06\/?s={search_term_string}\"},\"query-input\":\"required name=search_term_string\"}],\"inLanguage\":\"fr-FR\"},{\"@type\":\"Organization\",\"@id\":\"https:\/\/www.ddec06.fr\/guide-ash-06\/#organization\",\"name\":\"GUIDE Ecole Inclusive de l&#039;Enseignement Catholique des Alpes-Maritimes\",\"url\":\"https:\/\/www.ddec06.fr\/guide-ash-06\/\",\"logo\":{\"@type\":\"ImageObject\",\"inLanguage\":\"fr-FR\",\"@id\":\"https:\/\/www.ddec06.fr\/guide-ash-06\/#\/schema\/logo\/image\/\",\"url\":\"https:\/\/www.ddec06.fr\/guide-ash-06\/wp-content\/uploads\/2021\/04\/cropped-DDEC-DIOCESE-DE-NICE-SANS-DEGRADE-1-1.png\",\"contentUrl\":\"https:\/\/www.ddec06.fr\/guide-ash-06\/wp-content\/uploads\/2021\/04\/cropped-DDEC-DIOCESE-DE-NICE-SANS-DEGRADE-1-1.png\",\"width\":167,\"height\":100,\"caption\":\"GUIDE Ecole Inclusive de l&#039;Enseignement Catholique des Alpes-Maritimes\"},\"image\":{\"@id\":\"https:\/\/www.ddec06.fr\/guide-ash-06\/#\/schema\/logo\/image\/\"}}]}<\/script>\n<!-- \/ Yoast SEO plugin. -->","yoast_head_json":{"title":"Arborescence du Site - GUIDE Ecole Inclusive de l&#039;Enseignement Catholique des Alpes-Maritimes","robots":{"index":"index","follow":"follow","max-snippet":"max-snippet:-1","max-image-preview":"max-image-preview:large","max-video-preview":"max-video-preview:-1"},"canonical":"https:\/\/www.ddec06.fr\/guide-ash-06\/arborescence-du-site\/","og_locale":"fr_FR","og_type":"article","og_title":"Arborescence du Site - GUIDE Ecole Inclusive de l&#039;Enseignement Catholique des Alpes-Maritimes","og_description":"Lire la suite","og_url":"https:\/\/www.ddec06.fr\/guide-ash-06\/arborescence-du-site\/","og_site_name":"GUIDE Ecole Inclusive de l&#039;Enseignement Catholique des Alpes-Maritimes","twitter_card":"summary_large_image","schema":{"@context":"https:\/\/schema.org","@graph":[{"@type":"WebPage","@id":"https:\/\/www.ddec06.fr\/guide-ash-06\/arborescence-du-site\/","url":"https:\/\/www.ddec06.fr\/guide-ash-06\/arborescence-du-site\/","name":"Arborescence du Site - GUIDE Ecole Inclusive de l&#039;Enseignement Catholique des Alpes-Maritimes","isPartOf":{"@id":"https:\/\/www.ddec06.fr\/guide-ash-06\/#website"},"datePublished":"2021-10-21T13:11:39+00:00","dateModified":"2021-10-21T13:11:39+00:00","breadcrumb":{"@id":"https:\/\/www.ddec06.fr\/guide-ash-06\/arborescence-du-site\/#breadcrumb"},"inLanguage":"fr-FR","potentialAction":[{"@type":"ReadAction","target":["https:\/\/www.ddec06.fr\/guide-ash-06\/arborescence-du-site\/"]}]},{"@type":"BreadcrumbList","@id":"https:\/\/www.ddec06.fr\/guide-ash-06\/arborescence-du-site\/#breadcrumb","itemListElement":[{"@type":"ListItem","position":1,"name":"Accueil","item":"https:\/\/www.ddec06.fr\/guide-ash-06\/"},{"@type":"ListItem","position":2,"name":"Arborescence du Site"}]},{"@type":"WebSite","@id":"https:\/\/www.ddec06.fr\/guide-ash-06\/#website","url":"https:\/\/www.ddec06.fr\/guide-ash-06\/","name":"GUIDE Ecole Inclusive de l&#039;Enseignement Catholique des Alpes-Maritimes","description":"Accueillir les diff\u00e9rences en milieu scolaire.","publisher":{"@id":"https:\/\/www.ddec06.fr\/guide-ash-06\/#organization"},"potentialAction":[{"@type":"SearchAction","target":{"@type":"EntryPoint","urlTemplate":"https:\/\/www.ddec06.fr\/guide-ash-06\/?s={search_term_string}"},"query-input":"required name=search_term_string"}],"inLanguage":"fr-FR"},{"@type":"Organization","@id":"https:\/\/www.ddec06.fr\/guide-ash-06\/#organization","name":"GUIDE Ecole Inclusive de l&#039;Enseignement Catholique des Alpes-Maritimes","url":"https:\/\/www.ddec06.fr\/guide-ash-06\/","logo":{"@type":"ImageObject","inLanguage":"fr-FR","@id":"https:\/\/www.ddec06.fr\/guide-ash-06\/#\/schema\/logo\/image\/","url":"https:\/\/www.ddec06.fr\/guide-ash-06\/wp-content\/uploads\/2021\/04\/cropped-DDEC-DIOCESE-DE-NICE-SANS-DEGRADE-1-1.png","contentUrl":"https:\/\/www.ddec06.fr\/guide-ash-06\/wp-content\/uploads\/2021\/04\/cropped-DDEC-DIOCESE-DE-NICE-SANS-DEGRADE-1-1.png","width":167,"height":100,"caption":"GUIDE Ecole Inclusive de l&#039;Enseignement Catholique des Alpes-Maritimes"},"image":{"@id":"https:\/\/www.ddec06.fr\/guide-ash-06\/#\/schema\/logo\/image\/"}}]}},"jetpack_sharing_enabled":true,"_links":{"self":[{"href":"https:\/\/www.ddec06.fr\/guide-ash-06\/wp-json\/wp\/v2\/pages\/509","targetHints":{"allow":["GET"]}}],"collection":[{"href":"https:\/\/www.ddec06.fr\/guide-ash-06\/wp-json\/wp\/v2\/pages"}],"about":[{"href":"https:\/\/www.ddec06.fr\/guide-ash-06\/wp-json\/wp\/v2\/types\/page"}],"author":[{"embeddable":true,"href":"https:\/\/www.ddec06.fr\/guide-ash-06\/wp-json\/wp\/v2\/users\/1"}],"replies":[{"embeddable":true,"href":"https:\/\/www.ddec06.fr\/guide-ash-06\/wp-json\/wp\/v2\/comments?post=509"}],"version-history":[{"count":1,"href":"https:\/\/www.ddec06.fr\/guide-ash-06\/wp-json\/wp\/v2\/pages\/509\/revisions"}],"predecessor-version":[{"id":511,"href":"https:\/\/www.ddec06.fr\/guide-ash-06\/wp-json\/wp\/v2\/pages\/509\/revisions\/511"}],"wp:attachment":[{"href":"https:\/\/www.ddec06.fr\/guide-ash-06\/wp-json\/wp\/v2\/media?parent=509"}],"curies":[{"name":"wp","href":"https:\/\/api.w.org\/{rel}","templated":true}]}}