{"id":261,"date":"2021-04-13T15:21:38","date_gmt":"2021-04-13T13:21:38","guid":{"rendered":"https:\/\/www.ddec06.fr\/guide-ash-06\/?page_id=261"},"modified":"2021-11-25T15:48:11","modified_gmt":"2021-11-25T14:48:11","slug":"lapel06","status":"publish","type":"page","link":"https:\/\/www.ddec06.fr\/guide-ash-06\/du-cote-des-parents\/lapel06\/","title":{"rendered":"L&rsquo;APEL Nationale"},"content":{"rendered":"<div id=\"pl-261\"  class=\"panel-layout\" ><div id=\"pg-261-0\"  class=\"panel-grid panel-no-style\" ><div id=\"pgc-261-0-0\"  class=\"panel-grid-cell\" ><div id=\"panel-261-0-0-0\" class=\"so-panel widget widget_sow-image panel-first-child panel-last-child\" data-index=\"0\" ><div\n\t\t\t\n\t\t\tclass=\"so-widget-sow-image so-widget-sow-image-default-8b5b6f678277-261\"\n\t\t\t\n\t\t>\n\n<div class=\"sow-image-container\">\n\t\t<img decoding=\"async\" src=\"https:\/\/www.ddec06.fr\/guide-ash-06\/wp-content\/uploads\/2021\/11\/apel-logo.jpg\" width=\"440\" height=\"300\" srcset=\"https:\/\/www.ddec06.fr\/guide-ash-06\/wp-content\/uploads\/2021\/11\/apel-logo.jpg 440w, https:\/\/www.ddec06.fr\/guide-ash-06\/wp-content\/uploads\/2021\/11\/apel-logo-300x205.jpg 300w\" sizes=\"auto, (max-width: 440px) 100vw, 440px\" alt=\"\" loading=\"lazy\" \t\tclass=\"so-widget-image\"\/>\n\t<\/div>\n\n<\/div><\/div><\/div><div id=\"pgc-261-0-1\"  class=\"panel-grid-cell\" ><div id=\"panel-261-0-1-0\" class=\"so-panel widget widget_sow-editor panel-first-child panel-last-child\" data-index=\"1\" ><div\n\t\t\t\n\t\t\tclass=\"so-widget-sow-editor so-widget-sow-editor-base\"\n\t\t\t\n\t\t>\n<div class=\"siteorigin-widget-tinymce textwidget\">\n\t<p><span style=\"font-size: 36pt; color: #4e9172;\"><strong>A<\/strong><\/span><span style=\"font-size: 36pt; color: #4e9172;\"><strong> P E L\u00a0 \u00a0N A T I O N A L E<\/strong><\/span><\/p>\n<p><span style=\"color: #4e9172;\"><em>Association des parents d'\u00e9l\u00e8ves de l'enseignement libre.<\/em><\/span><\/p>\n<p><span style=\"text-decoration: underline;\">Adresse :\u00a0<\/span><br \/>\n277 Rue Saint Jacques<br \/>\n75005 PARIS<\/p>\n<p><span style=\"text-decoration: underline;\">T\u00e9l\u00e9phone :<\/span> 01 53 73 73 90<\/p>\n<p><span style=\"text-decoration: underline;\">Site Web :<\/span><a href=\"https:\/\/apel.fr\"><img decoding=\"async\" src=\"https:\/\/www.ddec06.fr\/guide-ash-06\/wp-content\/uploads\/2021\/10\/www.jpg\" \/>apel.fr<\/a><\/p>\n<\/div>\n<\/div><\/div><\/div><div id=\"pgc-261-0-2\"  class=\"panel-grid-cell\" ><div id=\"panel-261-0-2-0\" class=\"so-panel widget widget_sow-editor panel-first-child\" data-index=\"2\" ><div\n\t\t\t\n\t\t\tclass=\"so-widget-sow-editor so-widget-sow-editor-base\"\n\t\t\t\n\t\t>\n<div class=\"siteorigin-widget-tinymce textwidget\">\n\t<p style=\"text-align: center;\"><div class=\"su-button-center\"><a href=\"https:\/\/www.apel.fr\/scolarite\/handicap-et-besoins-educatifs-particuliers.html\" class=\"su-button su-button-style-default\" style=\"color:#FFFFFF;background-color:#4E9172;border-color:#3f745c;border-radius:10px;-moz-border-radius:10px;-webkit-border-radius:10px\" target=\"_self\"><span style=\"color:#FFFFFF;padding:0px 20px;font-size:16px;line-height:32px;border-color:#84b29d;border-radius:10px;-moz-border-radius:10px;-webkit-border-radius:10px;text-shadow:none;-moz-text-shadow:none;-webkit-text-shadow:none\"> Rubrique du site APEL nationale<br \/>\n\"handicap et besoins \u00e9ducatifs particuliers\"<\/span><\/a><\/div><\/p>\n<\/div>\n<\/div><\/div><div id=\"panel-261-0-2-1\" class=\"so-panel widget widget_sow-editor panel-last-child\" data-index=\"3\" ><div\n\t\t\t\n\t\t\tclass=\"so-widget-sow-editor so-widget-sow-editor-base\"\n\t\t\t\n\t\t>\n<div class=\"siteorigin-widget-tinymce textwidget\">\n\t<p style=\"text-align: center;\"><span style=\"font-size: 14pt;\"><div class=\"su-button-center\"><a href=\"https:\/\/www.ddec06.fr\/guide-ash-06\/wp-content\/uploads\/2021\/11\/APEL_-_brochure_8p_A5_-_BEP-2021-web.pdf\" class=\"su-button su-button-style-default\" style=\"color:#FFFFFF;background-color:#4E9172;border-color:#3f745c;border-radius:10px;-moz-border-radius:10px;-webkit-border-radius:10px\" target=\"_self\"><span style=\"color:#FFFFFF;padding:0px 20px;font-size:16px;line-height:32px;border-color:#84b29d;border-radius:10px;-moz-border-radius:10px;-webkit-border-radius:10px;text-shadow:none;-moz-text-shadow:none;-webkit-text-shadow:none\"> Brochure de l'APEL Nationale<br \/>\n\"besoins \u00e9ducatifs particuliers\"<\/span><span style=\"font-size: 14pt;\"><\/span><\/a><\/div><\/span><\/p>\n<\/div>\n<\/div><\/div><\/div><\/div><div id=\"pg-261-1\"  class=\"panel-grid panel-no-style\" ><div id=\"pgc-261-1-0\"  class=\"panel-grid-cell\" ><div id=\"panel-261-1-0-0\" class=\"so-panel widget widget_sow-editor panel-first-child panel-last-child\" data-index=\"4\" ><div\n\t\t\t\n\t\t\tclass=\"so-widget-sow-editor so-widget-sow-editor-base\"\n\t\t\t\n\t\t>\n<div class=\"siteorigin-widget-tinymce textwidget\">\n\t<p style=\"text-align: center;\"><span style=\"color: #4e9172;\"><strong>--------------------------------------------------------------------<\/strong><\/span><\/p>\n<\/div>\n<\/div><\/div><\/div><\/div><div id=\"pg-261-2\"  class=\"panel-grid panel-no-style\" ><div id=\"pgc-261-2-0\"  class=\"panel-grid-cell\" ><div id=\"panel-261-2-0-0\" class=\"so-panel widget widget_sow-editor panel-first-child panel-last-child\" data-index=\"5\" ><div\n\t\t\t\n\t\t\tclass=\"so-widget-sow-editor so-widget-sow-editor-base\"\n\t\t\t\n\t\t>\n<div class=\"siteorigin-widget-tinymce textwidget\">\n\t<div class=\"boldgrid-section\">\n<div class=\"container\">\n<div class=\"row\">\n<div class=\"col-md-12 col-xs-12 col-sm-12\">\n<p><span style=\"font-size: 36pt; color: #4e9172;\"><strong>A P E L\u00a0 \u00a00 6<br \/>\n<\/strong><\/span><span style=\"color: #4e9172;\"><em>Association des parents d'\u00e9l\u00e8ves de l'enseignement libre des Alpes Maritimes.<\/em><\/span><\/p>\n<p>Adresse :<br \/>\nLes Aqueducs \u2013 b\u00e2timent 3<br \/>\n535 route des Lucioles<br \/>\n06560 VALBONNE<\/p>\n<p><span style=\"text-decoration: underline;\">T\u00e9l\u00e9phone :<\/span> 04 28 27 03 22<\/p>\n<p><span style=\"text-decoration: underline;\">Email :<\/span> <a href=\"mailto:secretariat@apel06.org\"><strong><span style=\"color: #ff6600;\"><img loading=\"lazy\" decoding=\"async\" class=\"alignnone size-full wp-image-722\" src=\"https:\/\/www.ddec06.fr\/guide-ash-06\/wp-content\/uploads\/2021\/10\/119779007-vecteur-d-icone-de-courrier-electronique-icone-de-courrier-electronique-illustration-de-l-enveloppe-.jpg\" alt=\"\" width=\"23\" height=\"21\" \/><\/span><\/strong> <span style=\"color: #ff6600;\">secretariat@apel06.org\u00a0<\/span><\/a><\/p>\n<p><span style=\"text-decoration: underline;\">Site web :<\/span> <a href=\"https:\/\/departement06.sites.apel.fr\"><span style=\"color: #ff6600;\"><strong><img loading=\"lazy\" decoding=\"async\" class=\"alignnone size-full wp-image-526\" src=\"https:\/\/www.ddec06.fr\/guide-ash-06\/wp-content\/uploads\/2021\/10\/www.jpg\" alt=\"\" width=\"56\" height=\"21\" \/><\/strong> departement06.sites.apel.fr<\/span><\/a><\/p>\n<p>Horaires :<\/p>\n<\/div>\n<table style=\"border-collapse: collapse; width: 39.4656%;\">\n<tbody>\n<tr>\n<td style=\"width: 14.7452%; text-align: center;\"><strong>Mardi<\/strong><\/td>\n<td style=\"width: 26.9509%; text-align: center;\">9h30-12h30<\/td>\n<td style=\"width: 26.0732%; text-align: center;\">13h00-17h00<\/td>\n<\/tr>\n<tr>\n<td style=\"width: 14.7452%; text-align: center;\"><strong>Jeudi<\/strong><\/td>\n<td style=\"width: 26.9509%; text-align: center;\">9h30-12h30<\/td>\n<td style=\"width: 26.0732%; text-align: center;\">13h30-18h30<\/td>\n<\/tr>\n<tr>\n<td style=\"width: 14.7452%; text-align: center;\"><strong>Vendredi<\/strong><\/td>\n<td style=\"width: 26.9509%; text-align: center;\">9h30-12h30<\/td>\n<td style=\"width: 26.0732%; text-align: center;\">13h00-17h00<\/td>\n<\/tr>\n<\/tbody>\n<\/table>\n<\/div>\n<\/div>\n<\/div>\n<\/div>\n<\/div><\/div><\/div><div id=\"pgc-261-2-1\"  class=\"panel-grid-cell\" ><div id=\"panel-261-2-1-0\" class=\"so-panel widget widget_sow-image panel-first-child panel-last-child\" data-index=\"6\" ><div\n\t\t\t\n\t\t\tclass=\"so-widget-sow-image so-widget-sow-image-default-8b5b6f678277-261\"\n\t\t\t\n\t\t>\n\n<div class=\"sow-image-container\">\n\t\t<img decoding=\"async\" src=\"https:\/\/www.ddec06.fr\/guide-ash-06\/wp-content\/uploads\/2021\/04\/apel-logo.jpg\" width=\"469\" height=\"398\" srcset=\"https:\/\/www.ddec06.fr\/guide-ash-06\/wp-content\/uploads\/2021\/04\/apel-logo.jpg 469w, https:\/\/www.ddec06.fr\/guide-ash-06\/wp-content\/uploads\/2021\/04\/apel-logo-300x255.jpg 300w, https:\/\/www.ddec06.fr\/guide-ash-06\/wp-content\/uploads\/2021\/04\/apel-logo-465x395.jpg 465w\" sizes=\"auto, (max-width: 469px) 100vw, 469px\" alt=\"\" loading=\"lazy\" \t\tclass=\"so-widget-image\"\/>\n\t<\/div>\n\n<\/div><\/div><\/div><\/div><\/div>","protected":false},"excerpt":{"rendered":"<p>A P E L\u00a0 \u00a0N A T I O N A L E Association des parents d&rsquo;\u00e9l\u00e8ves de l&rsquo;enseignement libre. Adresse :\u00a0 277 Rue Saint Jacques 75005 PARIS T\u00e9l\u00e9phone : 01 53 73 73 90 Site Web :apel.fr &#8212;&#8212;&#8212;&#8212;&#8212;&#8212;&#8212;&#8212;&#8212;&#8212;&#8212;&#8212;&#8212;&#8212;&#8212;&#8212;&#8212;&#8212;&#8212;&#8212;&#8212;&#8212;&#8211;<span class=\"more-link\"><a href=\"https:\/\/www.ddec06.fr\/guide-ash-06\/du-cote-des-parents\/lapel06\/\">Lire la suite<\/a><\/span><\/p>\n","protected":false},"author":1,"featured_media":732,"parent":28,"menu_order":2,"comment_status":"closed","ping_status":"closed","template":"","meta":{"footnotes":""},"class_list":["entry","author-administrateur","post-261","page","type-page","status-publish","has-post-thumbnail"],"yoast_head":"<!-- This site is optimized with the Yoast SEO plugin v22.1 - https:\/\/yoast.com\/wordpress\/plugins\/seo\/ -->\n<title>L&#039;APEL Nationale - GUIDE Ecole Inclusive de l&#039;Enseignement Catholique des Alpes-Maritimes<\/title>\n<meta name=\"description\" content=\"les coordonn\u00e9es de l&#039;APEL nationale et des Alpes-Maritimes ainsi que la brochure pour les \u00e9l\u00e8ves a besoin \u00e9ducatif particulier de l&#039;APEL\" \/>\n<meta name=\"robots\" content=\"index, follow, max-snippet:-1, max-image-preview:large, max-video-preview:-1\" \/>\n<link rel=\"canonical\" href=\"https:\/\/www.ddec06.fr\/guide-ash-06\/du-cote-des-parents\/lapel06\/\" \/>\n<meta property=\"og:locale\" content=\"fr_FR\" \/>\n<meta property=\"og:type\" content=\"article\" \/>\n<meta property=\"og:title\" content=\"L&#039;APEL Nationale - GUIDE Ecole Inclusive de l&#039;Enseignement Catholique des Alpes-Maritimes\" \/>\n<meta property=\"og:description\" content=\"les coordonn\u00e9es de l&#039;APEL nationale et des Alpes-Maritimes ainsi que la brochure pour les \u00e9l\u00e8ves a besoin \u00e9ducatif particulier de l&#039;APEL\" \/>\n<meta property=\"og:url\" content=\"https:\/\/www.ddec06.fr\/guide-ash-06\/du-cote-des-parents\/lapel06\/\" \/>\n<meta property=\"og:site_name\" content=\"GUIDE Ecole Inclusive de l&#039;Enseignement Catholique des Alpes-Maritimes\" \/>\n<meta property=\"article:modified_time\" content=\"2021-11-25T14:48:11+00:00\" \/>\n<meta property=\"og:image\" content=\"https:\/\/www.ddec06.fr\/guide-ash-06\/wp-content\/uploads\/2021\/11\/apel-logo.jpg\" \/>\n\t<meta property=\"og:image:width\" content=\"440\" \/>\n\t<meta property=\"og:image:height\" content=\"300\" \/>\n\t<meta property=\"og:image:type\" content=\"image\/jpeg\" \/>\n<meta name=\"twitter:card\" content=\"summary_large_image\" \/>\n<meta name=\"twitter:label1\" content=\"Dur\u00e9e de lecture estim\u00e9e\" \/>\n\t<meta name=\"twitter:data1\" content=\"1 minute\" \/>\n<script type=\"application\/ld+json\" class=\"yoast-schema-graph\">{\"@context\":\"https:\/\/schema.org\",\"@graph\":[{\"@type\":\"WebPage\",\"@id\":\"https:\/\/www.ddec06.fr\/guide-ash-06\/du-cote-des-parents\/lapel06\/\",\"url\":\"https:\/\/www.ddec06.fr\/guide-ash-06\/du-cote-des-parents\/lapel06\/\",\"name\":\"L'APEL Nationale - GUIDE Ecole Inclusive de l&#039;Enseignement Catholique des Alpes-Maritimes\",\"isPartOf\":{\"@id\":\"https:\/\/www.ddec06.fr\/guide-ash-06\/#website\"},\"datePublished\":\"2021-04-13T13:21:38+00:00\",\"dateModified\":\"2021-11-25T14:48:11+00:00\",\"description\":\"les coordonn\u00e9es de l'APEL nationale et des Alpes-Maritimes ainsi que la brochure pour les \u00e9l\u00e8ves a besoin \u00e9ducatif particulier de l'APEL\",\"breadcrumb\":{\"@id\":\"https:\/\/www.ddec06.fr\/guide-ash-06\/du-cote-des-parents\/lapel06\/#breadcrumb\"},\"inLanguage\":\"fr-FR\",\"potentialAction\":[{\"@type\":\"ReadAction\",\"target\":[\"https:\/\/www.ddec06.fr\/guide-ash-06\/du-cote-des-parents\/lapel06\/\"]}]},{\"@type\":\"BreadcrumbList\",\"@id\":\"https:\/\/www.ddec06.fr\/guide-ash-06\/du-cote-des-parents\/lapel06\/#breadcrumb\",\"itemListElement\":[{\"@type\":\"ListItem\",\"position\":1,\"name\":\"Accueil\",\"item\":\"https:\/\/www.ddec06.fr\/guide-ash-06\/\"},{\"@type\":\"ListItem\",\"position\":2,\"name\":\"Du c\u00f4t\u00e9 des parents\",\"item\":\"https:\/\/www.ddec06.fr\/guide-ash-06\/du-cote-des-parents\/\"},{\"@type\":\"ListItem\",\"position\":3,\"name\":\"L&rsquo;APEL Nationale\"}]},{\"@type\":\"WebSite\",\"@id\":\"https:\/\/www.ddec06.fr\/guide-ash-06\/#website\",\"url\":\"https:\/\/www.ddec06.fr\/guide-ash-06\/\",\"name\":\"GUIDE Ecole Inclusive de l&#039;Enseignement Catholique des Alpes-Maritimes\",\"description\":\"Accueillir les diff\u00e9rences en milieu scolaire.\",\"publisher\":{\"@id\":\"https:\/\/www.ddec06.fr\/guide-ash-06\/#organization\"},\"potentialAction\":[{\"@type\":\"SearchAction\",\"target\":{\"@type\":\"EntryPoint\",\"urlTemplate\":\"https:\/\/www.ddec06.fr\/guide-ash-06\/?s={search_term_string}\"},\"query-input\":\"required name=search_term_string\"}],\"inLanguage\":\"fr-FR\"},{\"@type\":\"Organization\",\"@id\":\"https:\/\/www.ddec06.fr\/guide-ash-06\/#organization\",\"name\":\"GUIDE Ecole Inclusive de l&#039;Enseignement Catholique des Alpes-Maritimes\",\"url\":\"https:\/\/www.ddec06.fr\/guide-ash-06\/\",\"logo\":{\"@type\":\"ImageObject\",\"inLanguage\":\"fr-FR\",\"@id\":\"https:\/\/www.ddec06.fr\/guide-ash-06\/#\/schema\/logo\/image\/\",\"url\":\"https:\/\/www.ddec06.fr\/guide-ash-06\/wp-content\/uploads\/2021\/04\/cropped-DDEC-DIOCESE-DE-NICE-SANS-DEGRADE-1-1.png\",\"contentUrl\":\"https:\/\/www.ddec06.fr\/guide-ash-06\/wp-content\/uploads\/2021\/04\/cropped-DDEC-DIOCESE-DE-NICE-SANS-DEGRADE-1-1.png\",\"width\":167,\"height\":100,\"caption\":\"GUIDE Ecole Inclusive de l&#039;Enseignement Catholique des Alpes-Maritimes\"},\"image\":{\"@id\":\"https:\/\/www.ddec06.fr\/guide-ash-06\/#\/schema\/logo\/image\/\"}}]}<\/script>\n<!-- \/ Yoast SEO plugin. -->","yoast_head_json":{"title":"L'APEL Nationale - GUIDE Ecole Inclusive de l&#039;Enseignement Catholique des Alpes-Maritimes","description":"les coordonn\u00e9es de l'APEL nationale et des Alpes-Maritimes ainsi que la brochure pour les \u00e9l\u00e8ves a besoin \u00e9ducatif particulier de l'APEL","robots":{"index":"index","follow":"follow","max-snippet":"max-snippet:-1","max-image-preview":"max-image-preview:large","max-video-preview":"max-video-preview:-1"},"canonical":"https:\/\/www.ddec06.fr\/guide-ash-06\/du-cote-des-parents\/lapel06\/","og_locale":"fr_FR","og_type":"article","og_title":"L'APEL Nationale - GUIDE Ecole Inclusive de l&#039;Enseignement Catholique des Alpes-Maritimes","og_description":"les coordonn\u00e9es de l'APEL nationale et des Alpes-Maritimes ainsi que la brochure pour les \u00e9l\u00e8ves a besoin \u00e9ducatif particulier de l'APEL","og_url":"https:\/\/www.ddec06.fr\/guide-ash-06\/du-cote-des-parents\/lapel06\/","og_site_name":"GUIDE Ecole Inclusive de l&#039;Enseignement Catholique des Alpes-Maritimes","article_modified_time":"2021-11-25T14:48:11+00:00","og_image":[{"width":440,"height":300,"url":"https:\/\/www.ddec06.fr\/guide-ash-06\/wp-content\/uploads\/2021\/11\/apel-logo.jpg","type":"image\/jpeg"}],"twitter_card":"summary_large_image","twitter_misc":{"Dur\u00e9e de lecture estim\u00e9e":"1 minute"},"schema":{"@context":"https:\/\/schema.org","@graph":[{"@type":"WebPage","@id":"https:\/\/www.ddec06.fr\/guide-ash-06\/du-cote-des-parents\/lapel06\/","url":"https:\/\/www.ddec06.fr\/guide-ash-06\/du-cote-des-parents\/lapel06\/","name":"L'APEL Nationale - GUIDE Ecole Inclusive de l&#039;Enseignement Catholique des Alpes-Maritimes","isPartOf":{"@id":"https:\/\/www.ddec06.fr\/guide-ash-06\/#website"},"datePublished":"2021-04-13T13:21:38+00:00","dateModified":"2021-11-25T14:48:11+00:00","description":"les coordonn\u00e9es de l'APEL nationale et des Alpes-Maritimes ainsi que la brochure pour les \u00e9l\u00e8ves a besoin \u00e9ducatif particulier de l'APEL","breadcrumb":{"@id":"https:\/\/www.ddec06.fr\/guide-ash-06\/du-cote-des-parents\/lapel06\/#breadcrumb"},"inLanguage":"fr-FR","potentialAction":[{"@type":"ReadAction","target":["https:\/\/www.ddec06.fr\/guide-ash-06\/du-cote-des-parents\/lapel06\/"]}]},{"@type":"BreadcrumbList","@id":"https:\/\/www.ddec06.fr\/guide-ash-06\/du-cote-des-parents\/lapel06\/#breadcrumb","itemListElement":[{"@type":"ListItem","position":1,"name":"Accueil","item":"https:\/\/www.ddec06.fr\/guide-ash-06\/"},{"@type":"ListItem","position":2,"name":"Du c\u00f4t\u00e9 des parents","item":"https:\/\/www.ddec06.fr\/guide-ash-06\/du-cote-des-parents\/"},{"@type":"ListItem","position":3,"name":"L&rsquo;APEL Nationale"}]},{"@type":"WebSite","@id":"https:\/\/www.ddec06.fr\/guide-ash-06\/#website","url":"https:\/\/www.ddec06.fr\/guide-ash-06\/","name":"GUIDE Ecole Inclusive de l&#039;Enseignement Catholique des Alpes-Maritimes","description":"Accueillir les diff\u00e9rences en milieu scolaire.","publisher":{"@id":"https:\/\/www.ddec06.fr\/guide-ash-06\/#organization"},"potentialAction":[{"@type":"SearchAction","target":{"@type":"EntryPoint","urlTemplate":"https:\/\/www.ddec06.fr\/guide-ash-06\/?s={search_term_string}"},"query-input":"required name=search_term_string"}],"inLanguage":"fr-FR"},{"@type":"Organization","@id":"https:\/\/www.ddec06.fr\/guide-ash-06\/#organization","name":"GUIDE Ecole Inclusive de l&#039;Enseignement Catholique des Alpes-Maritimes","url":"https:\/\/www.ddec06.fr\/guide-ash-06\/","logo":{"@type":"ImageObject","inLanguage":"fr-FR","@id":"https:\/\/www.ddec06.fr\/guide-ash-06\/#\/schema\/logo\/image\/","url":"https:\/\/www.ddec06.fr\/guide-ash-06\/wp-content\/uploads\/2021\/04\/cropped-DDEC-DIOCESE-DE-NICE-SANS-DEGRADE-1-1.png","contentUrl":"https:\/\/www.ddec06.fr\/guide-ash-06\/wp-content\/uploads\/2021\/04\/cropped-DDEC-DIOCESE-DE-NICE-SANS-DEGRADE-1-1.png","width":167,"height":100,"caption":"GUIDE Ecole Inclusive de l&#039;Enseignement Catholique des Alpes-Maritimes"},"image":{"@id":"https:\/\/www.ddec06.fr\/guide-ash-06\/#\/schema\/logo\/image\/"}}]}},"jetpack_sharing_enabled":true,"_links":{"self":[{"href":"https:\/\/www.ddec06.fr\/guide-ash-06\/wp-json\/wp\/v2\/pages\/261","targetHints":{"allow":["GET"]}}],"collection":[{"href":"https:\/\/www.ddec06.fr\/guide-ash-06\/wp-json\/wp\/v2\/pages"}],"about":[{"href":"https:\/\/www.ddec06.fr\/guide-ash-06\/wp-json\/wp\/v2\/types\/page"}],"author":[{"embeddable":true,"href":"https:\/\/www.ddec06.fr\/guide-ash-06\/wp-json\/wp\/v2\/users\/1"}],"replies":[{"embeddable":true,"href":"https:\/\/www.ddec06.fr\/guide-ash-06\/wp-json\/wp\/v2\/comments?post=261"}],"version-history":[{"count":20,"href":"https:\/\/www.ddec06.fr\/guide-ash-06\/wp-json\/wp\/v2\/pages\/261\/revisions"}],"predecessor-version":[{"id":750,"href":"https:\/\/www.ddec06.fr\/guide-ash-06\/wp-json\/wp\/v2\/pages\/261\/revisions\/750"}],"up":[{"embeddable":true,"href":"https:\/\/www.ddec06.fr\/guide-ash-06\/wp-json\/wp\/v2\/pages\/28"}],"wp:featuredmedia":[{"embeddable":true,"href":"https:\/\/www.ddec06.fr\/guide-ash-06\/wp-json\/wp\/v2\/media\/732"}],"wp:attachment":[{"href":"https:\/\/www.ddec06.fr\/guide-ash-06\/wp-json\/wp\/v2\/media?parent=261"}],"curies":[{"name":"wp","href":"https:\/\/api.w.org\/{rel}","templated":true}]}}