{"id":253,"date":"2021-04-13T15:17:53","date_gmt":"2021-04-13T13:17:53","guid":{"rendered":"https:\/\/www.ddec06.fr\/guide-ash-06\/?page_id=253"},"modified":"2022-01-28T09:24:25","modified_gmt":"2022-01-28T08:24:25","slug":"les-professionnels-de-la-reeducation","status":"publish","type":"page","link":"https:\/\/www.ddec06.fr\/guide-ash-06\/les-structures-et-dispositifs-adaptes-les-centres-et-professionnels-partenaires\/les-professionnels-de-la-reeducation\/","title":{"rendered":"Les professionnels de la r\u00e9\u00e9ducation"},"content":{"rendered":"<div class=\"boldgrid-section\">\n<div class=\"container\">\n<div class=\"row\">\n<div class=\"col-md-12 col-xs-12 col-sm-12\">\n<h1 class=\"entry-title\"><span style=\"font-size: 24pt; color: #4e9072;\"><strong>Les professions de r\u00e9\u00e9ducation<\/strong><\/span><\/h1>\n<div class=\"entry-content\">\n<p>Les r\u00e9\u00e9ducateurs vers lesquels vous vous dirigez ou vers lesquels vous\u00a0dirigez votre \u00e9l\u00e8ve appartiennent au monde du param\u00e9dical.<\/p>\n<p><strong>Avant toute consultation chez un orthophoniste, psychomotricien, psychologue, neuropsychologue, ergoth\u00e9rapeute, orthoptiste\u2026 effectuer ou faire effectuer<\/strong><\/p>\n<ul>\n<li><strong>un contr\u00f4le de la vue (chez un ophtalmologiste)<\/strong><\/li>\n<li><strong>un contr\u00f4le de l\u2019audition (chez un ORL)<\/strong><\/li>\n<\/ul>\n<p>Ceci afin de v\u00e9rifier si les difficult\u00e9s de l\u2019enfant\u00a0ne sont pas dues \u00e0 une mauvaise vue ou \u00e0 une mauvaise audition. L\u2019ophtalmologiste pourra \u00e9galement, apr\u00e8s son examen, proposer des s\u00e9ances de r\u00e9\u00e9ducation du regard (pas de la vue) avec un orthoptiste. Ce dernier travaillera les mouvements de l\u2019oeil (saccades oculaires), l\u2019empan visuel, voire m\u00eame la concentration et le geste d\u2019attention.<\/p>\n<p>Ne lancez pas une \u201cbatterie\u201d de prises en charge sans une coordination par<strong>\u00a0un m\u00e9decin, le\u00a0m\u00e9decin g\u00e9n\u00e9raliste, un p\u00e9diatre ou un m\u00e9decin du\u00a0<a href=\"https:\/\/www.ddec06.fr\/guide-ash-06\/les-structures-et-dispositifs-adaptes-les-centres-et-professionnels-partenaires\/les-centres-certa-cra\/\">CERTA<\/a>\u00a0;\u00a0<\/strong>le tout, bien s\u00fbr en transparence avec l\u2019\u00e9tablissement scolaire. Nous sommes tous partenaires, et c\u2019est ce partenariat qui permet \u00e0 tous de grandir en comp\u00e9tences mais aussi en humanit\u00e9.<br \/>\nPour y voir plus clair, <strong><a href=\"https:\/\/www.ddec06.fr\/guide06-ash\/wp-content\/uploads\/2015\/09\/REEDUCATIONS-ET-BILANS-QUI-FAIT-QUOI-1.pdf\"><img loading=\"lazy\" decoding=\"async\" class=\"alignnone size-full wp-image-524\" src=\"https:\/\/www.ddec06.fr\/guide-ash-06\/wp-content\/uploads\/2021\/10\/icone-telechargement-vert-e1635258997547.png\" alt=\"\" width=\"23\" height=\"21\" \/> REEDUCATIONS ET BILANS, QUI FAIT QUOI ? <img loading=\"lazy\" decoding=\"async\" class=\"alignnone size-full wp-image-527\" src=\"https:\/\/www.ddec06.fr\/guide-ash-06\/wp-content\/uploads\/2021\/10\/pdf.png\" alt=\"\" width=\"21\" height=\"21\" \/><\/a><\/strong><\/p>\n<hr \/>\n<div class=\"entry-content\">\n<div class=\"content-default dossier-docu-body\">\n<p>&nbsp;<\/p>\n<\/div>\n<\/div>\n<\/div>\n<\/div>\n<\/div>\n<\/div>\n<\/div>\n","protected":false},"excerpt":{"rendered":"<p>Les professions de r\u00e9\u00e9ducation Les r\u00e9\u00e9ducateurs vers lesquels vous vous dirigez ou vers lesquels vous\u00a0dirigez votre \u00e9l\u00e8ve appartiennent au monde du param\u00e9dical. Avant toute consultation chez un orthophoniste, psychomotricien, psychologue, neuropsychologue, ergoth\u00e9rapeute, orthoptiste\u2026 effectuer ou faire effectuer un contr\u00f4le de la vue (chez un ophtalmologiste) un contr\u00f4le de l\u2019audition (chez<span class=\"more-link\"><a href=\"https:\/\/www.ddec06.fr\/guide-ash-06\/les-structures-et-dispositifs-adaptes-les-centres-et-professionnels-partenaires\/les-professionnels-de-la-reeducation\/\">Lire la suite<\/a><\/span><\/p>\n","protected":false},"author":1,"featured_media":0,"parent":26,"menu_order":4,"comment_status":"closed","ping_status":"closed","template":"","meta":{"footnotes":""},"class_list":["entry","author-administrateur","post-253","page","type-page","status-publish"],"yoast_head":"<!-- This site is optimized with the Yoast SEO plugin v22.1 - https:\/\/yoast.com\/wordpress\/plugins\/seo\/ -->\n<title>Les professionnels de la r\u00e9\u00e9ducation - GUIDE Ecole Inclusive de l&#039;Enseignement Catholique des Alpes-Maritimes<\/title>\n<meta name=\"robots\" content=\"index, follow, max-snippet:-1, max-image-preview:large, max-video-preview:-1\" \/>\n<link rel=\"canonical\" href=\"https:\/\/www.ddec06.fr\/guide-ash-06\/les-structures-et-dispositifs-adaptes-les-centres-et-professionnels-partenaires\/les-professionnels-de-la-reeducation\/\" \/>\n<meta property=\"og:locale\" content=\"fr_FR\" \/>\n<meta property=\"og:type\" content=\"article\" \/>\n<meta property=\"og:title\" content=\"Les professionnels de la r\u00e9\u00e9ducation - GUIDE Ecole Inclusive de l&#039;Enseignement Catholique des Alpes-Maritimes\" \/>\n<meta property=\"og:description\" content=\"Les professions de r\u00e9\u00e9ducation Les r\u00e9\u00e9ducateurs vers lesquels vous vous dirigez ou vers lesquels vous\u00a0dirigez votre \u00e9l\u00e8ve appartiennent au monde du param\u00e9dical. Avant toute consultation chez un orthophoniste, psychomotricien, psychologue, neuropsychologue, ergoth\u00e9rapeute, orthoptiste\u2026 effectuer ou faire effectuer un contr\u00f4le de la vue (chez un ophtalmologiste) un contr\u00f4le de l\u2019audition (chezLire la suite\" \/>\n<meta property=\"og:url\" content=\"https:\/\/www.ddec06.fr\/guide-ash-06\/les-structures-et-dispositifs-adaptes-les-centres-et-professionnels-partenaires\/les-professionnels-de-la-reeducation\/\" \/>\n<meta property=\"og:site_name\" content=\"GUIDE Ecole Inclusive de l&#039;Enseignement Catholique des Alpes-Maritimes\" \/>\n<meta property=\"article:modified_time\" content=\"2022-01-28T08:24:25+00:00\" \/>\n<meta property=\"og:image\" content=\"https:\/\/www.ddec06.fr\/guide-ash-06\/wp-content\/uploads\/2021\/10\/icone-telechargement-vert-e1635258997547.png\" \/>\n<meta name=\"twitter:card\" content=\"summary_large_image\" \/>\n<meta name=\"twitter:label1\" content=\"Dur\u00e9e de lecture estim\u00e9e\" \/>\n\t<meta name=\"twitter:data1\" content=\"2 minutes\" \/>\n<script type=\"application\/ld+json\" class=\"yoast-schema-graph\">{\"@context\":\"https:\/\/schema.org\",\"@graph\":[{\"@type\":\"WebPage\",\"@id\":\"https:\/\/www.ddec06.fr\/guide-ash-06\/les-structures-et-dispositifs-adaptes-les-centres-et-professionnels-partenaires\/les-professionnels-de-la-reeducation\/\",\"url\":\"https:\/\/www.ddec06.fr\/guide-ash-06\/les-structures-et-dispositifs-adaptes-les-centres-et-professionnels-partenaires\/les-professionnels-de-la-reeducation\/\",\"name\":\"Les professionnels de la r\u00e9\u00e9ducation - GUIDE Ecole Inclusive de l&#039;Enseignement Catholique des Alpes-Maritimes\",\"isPartOf\":{\"@id\":\"https:\/\/www.ddec06.fr\/guide-ash-06\/#website\"},\"datePublished\":\"2021-04-13T13:17:53+00:00\",\"dateModified\":\"2022-01-28T08:24:25+00:00\",\"breadcrumb\":{\"@id\":\"https:\/\/www.ddec06.fr\/guide-ash-06\/les-structures-et-dispositifs-adaptes-les-centres-et-professionnels-partenaires\/les-professionnels-de-la-reeducation\/#breadcrumb\"},\"inLanguage\":\"fr-FR\",\"potentialAction\":[{\"@type\":\"ReadAction\",\"target\":[\"https:\/\/www.ddec06.fr\/guide-ash-06\/les-structures-et-dispositifs-adaptes-les-centres-et-professionnels-partenaires\/les-professionnels-de-la-reeducation\/\"]}]},{\"@type\":\"BreadcrumbList\",\"@id\":\"https:\/\/www.ddec06.fr\/guide-ash-06\/les-structures-et-dispositifs-adaptes-les-centres-et-professionnels-partenaires\/les-professionnels-de-la-reeducation\/#breadcrumb\",\"itemListElement\":[{\"@type\":\"ListItem\",\"position\":1,\"name\":\"Accueil\",\"item\":\"https:\/\/www.ddec06.fr\/guide-ash-06\/\"},{\"@type\":\"ListItem\",\"position\":2,\"name\":\"Les structures et dispositifs adapt\u00e9s &#8211; Les centres et professionnels partenaires\",\"item\":\"https:\/\/www.ddec06.fr\/guide-ash-06\/les-structures-et-dispositifs-adaptes-les-centres-et-professionnels-partenaires\/\"},{\"@type\":\"ListItem\",\"position\":3,\"name\":\"Les professionnels de la r\u00e9\u00e9ducation\"}]},{\"@type\":\"WebSite\",\"@id\":\"https:\/\/www.ddec06.fr\/guide-ash-06\/#website\",\"url\":\"https:\/\/www.ddec06.fr\/guide-ash-06\/\",\"name\":\"GUIDE Ecole Inclusive de l&#039;Enseignement Catholique des Alpes-Maritimes\",\"description\":\"Accueillir les diff\u00e9rences en milieu scolaire.\",\"publisher\":{\"@id\":\"https:\/\/www.ddec06.fr\/guide-ash-06\/#organization\"},\"potentialAction\":[{\"@type\":\"SearchAction\",\"target\":{\"@type\":\"EntryPoint\",\"urlTemplate\":\"https:\/\/www.ddec06.fr\/guide-ash-06\/?s={search_term_string}\"},\"query-input\":\"required name=search_term_string\"}],\"inLanguage\":\"fr-FR\"},{\"@type\":\"Organization\",\"@id\":\"https:\/\/www.ddec06.fr\/guide-ash-06\/#organization\",\"name\":\"GUIDE Ecole Inclusive de l&#039;Enseignement Catholique des Alpes-Maritimes\",\"url\":\"https:\/\/www.ddec06.fr\/guide-ash-06\/\",\"logo\":{\"@type\":\"ImageObject\",\"inLanguage\":\"fr-FR\",\"@id\":\"https:\/\/www.ddec06.fr\/guide-ash-06\/#\/schema\/logo\/image\/\",\"url\":\"https:\/\/www.ddec06.fr\/guide-ash-06\/wp-content\/uploads\/2021\/04\/cropped-DDEC-DIOCESE-DE-NICE-SANS-DEGRADE-1-1.png\",\"contentUrl\":\"https:\/\/www.ddec06.fr\/guide-ash-06\/wp-content\/uploads\/2021\/04\/cropped-DDEC-DIOCESE-DE-NICE-SANS-DEGRADE-1-1.png\",\"width\":167,\"height\":100,\"caption\":\"GUIDE Ecole Inclusive de l&#039;Enseignement Catholique des Alpes-Maritimes\"},\"image\":{\"@id\":\"https:\/\/www.ddec06.fr\/guide-ash-06\/#\/schema\/logo\/image\/\"}}]}<\/script>\n<!-- \/ Yoast SEO plugin. -->","yoast_head_json":{"title":"Les professionnels de la r\u00e9\u00e9ducation - GUIDE Ecole Inclusive de l&#039;Enseignement Catholique des Alpes-Maritimes","robots":{"index":"index","follow":"follow","max-snippet":"max-snippet:-1","max-image-preview":"max-image-preview:large","max-video-preview":"max-video-preview:-1"},"canonical":"https:\/\/www.ddec06.fr\/guide-ash-06\/les-structures-et-dispositifs-adaptes-les-centres-et-professionnels-partenaires\/les-professionnels-de-la-reeducation\/","og_locale":"fr_FR","og_type":"article","og_title":"Les professionnels de la r\u00e9\u00e9ducation - GUIDE Ecole Inclusive de l&#039;Enseignement Catholique des Alpes-Maritimes","og_description":"Les professions de r\u00e9\u00e9ducation Les r\u00e9\u00e9ducateurs vers lesquels vous vous dirigez ou vers lesquels vous\u00a0dirigez votre \u00e9l\u00e8ve appartiennent au monde du param\u00e9dical. Avant toute consultation chez un orthophoniste, psychomotricien, psychologue, neuropsychologue, ergoth\u00e9rapeute, orthoptiste\u2026 effectuer ou faire effectuer un contr\u00f4le de la vue (chez un ophtalmologiste) un contr\u00f4le de l\u2019audition (chezLire la suite","og_url":"https:\/\/www.ddec06.fr\/guide-ash-06\/les-structures-et-dispositifs-adaptes-les-centres-et-professionnels-partenaires\/les-professionnels-de-la-reeducation\/","og_site_name":"GUIDE Ecole Inclusive de l&#039;Enseignement Catholique des Alpes-Maritimes","article_modified_time":"2022-01-28T08:24:25+00:00","og_image":[{"url":"https:\/\/www.ddec06.fr\/guide-ash-06\/wp-content\/uploads\/2021\/10\/icone-telechargement-vert-e1635258997547.png"}],"twitter_card":"summary_large_image","twitter_misc":{"Dur\u00e9e de lecture estim\u00e9e":"2 minutes"},"schema":{"@context":"https:\/\/schema.org","@graph":[{"@type":"WebPage","@id":"https:\/\/www.ddec06.fr\/guide-ash-06\/les-structures-et-dispositifs-adaptes-les-centres-et-professionnels-partenaires\/les-professionnels-de-la-reeducation\/","url":"https:\/\/www.ddec06.fr\/guide-ash-06\/les-structures-et-dispositifs-adaptes-les-centres-et-professionnels-partenaires\/les-professionnels-de-la-reeducation\/","name":"Les professionnels de la r\u00e9\u00e9ducation - GUIDE Ecole Inclusive de l&#039;Enseignement Catholique des Alpes-Maritimes","isPartOf":{"@id":"https:\/\/www.ddec06.fr\/guide-ash-06\/#website"},"datePublished":"2021-04-13T13:17:53+00:00","dateModified":"2022-01-28T08:24:25+00:00","breadcrumb":{"@id":"https:\/\/www.ddec06.fr\/guide-ash-06\/les-structures-et-dispositifs-adaptes-les-centres-et-professionnels-partenaires\/les-professionnels-de-la-reeducation\/#breadcrumb"},"inLanguage":"fr-FR","potentialAction":[{"@type":"ReadAction","target":["https:\/\/www.ddec06.fr\/guide-ash-06\/les-structures-et-dispositifs-adaptes-les-centres-et-professionnels-partenaires\/les-professionnels-de-la-reeducation\/"]}]},{"@type":"BreadcrumbList","@id":"https:\/\/www.ddec06.fr\/guide-ash-06\/les-structures-et-dispositifs-adaptes-les-centres-et-professionnels-partenaires\/les-professionnels-de-la-reeducation\/#breadcrumb","itemListElement":[{"@type":"ListItem","position":1,"name":"Accueil","item":"https:\/\/www.ddec06.fr\/guide-ash-06\/"},{"@type":"ListItem","position":2,"name":"Les structures et dispositifs adapt\u00e9s &#8211; Les centres et professionnels partenaires","item":"https:\/\/www.ddec06.fr\/guide-ash-06\/les-structures-et-dispositifs-adaptes-les-centres-et-professionnels-partenaires\/"},{"@type":"ListItem","position":3,"name":"Les professionnels de la r\u00e9\u00e9ducation"}]},{"@type":"WebSite","@id":"https:\/\/www.ddec06.fr\/guide-ash-06\/#website","url":"https:\/\/www.ddec06.fr\/guide-ash-06\/","name":"GUIDE Ecole Inclusive de l&#039;Enseignement Catholique des Alpes-Maritimes","description":"Accueillir les diff\u00e9rences en milieu scolaire.","publisher":{"@id":"https:\/\/www.ddec06.fr\/guide-ash-06\/#organization"},"potentialAction":[{"@type":"SearchAction","target":{"@type":"EntryPoint","urlTemplate":"https:\/\/www.ddec06.fr\/guide-ash-06\/?s={search_term_string}"},"query-input":"required name=search_term_string"}],"inLanguage":"fr-FR"},{"@type":"Organization","@id":"https:\/\/www.ddec06.fr\/guide-ash-06\/#organization","name":"GUIDE Ecole Inclusive de l&#039;Enseignement Catholique des Alpes-Maritimes","url":"https:\/\/www.ddec06.fr\/guide-ash-06\/","logo":{"@type":"ImageObject","inLanguage":"fr-FR","@id":"https:\/\/www.ddec06.fr\/guide-ash-06\/#\/schema\/logo\/image\/","url":"https:\/\/www.ddec06.fr\/guide-ash-06\/wp-content\/uploads\/2021\/04\/cropped-DDEC-DIOCESE-DE-NICE-SANS-DEGRADE-1-1.png","contentUrl":"https:\/\/www.ddec06.fr\/guide-ash-06\/wp-content\/uploads\/2021\/04\/cropped-DDEC-DIOCESE-DE-NICE-SANS-DEGRADE-1-1.png","width":167,"height":100,"caption":"GUIDE Ecole Inclusive de l&#039;Enseignement Catholique des Alpes-Maritimes"},"image":{"@id":"https:\/\/www.ddec06.fr\/guide-ash-06\/#\/schema\/logo\/image\/"}}]}},"jetpack_sharing_enabled":true,"_links":{"self":[{"href":"https:\/\/www.ddec06.fr\/guide-ash-06\/wp-json\/wp\/v2\/pages\/253","targetHints":{"allow":["GET"]}}],"collection":[{"href":"https:\/\/www.ddec06.fr\/guide-ash-06\/wp-json\/wp\/v2\/pages"}],"about":[{"href":"https:\/\/www.ddec06.fr\/guide-ash-06\/wp-json\/wp\/v2\/types\/page"}],"author":[{"embeddable":true,"href":"https:\/\/www.ddec06.fr\/guide-ash-06\/wp-json\/wp\/v2\/users\/1"}],"replies":[{"embeddable":true,"href":"https:\/\/www.ddec06.fr\/guide-ash-06\/wp-json\/wp\/v2\/comments?post=253"}],"version-history":[{"count":8,"href":"https:\/\/www.ddec06.fr\/guide-ash-06\/wp-json\/wp\/v2\/pages\/253\/revisions"}],"predecessor-version":[{"id":764,"href":"https:\/\/www.ddec06.fr\/guide-ash-06\/wp-json\/wp\/v2\/pages\/253\/revisions\/764"}],"up":[{"embeddable":true,"href":"https:\/\/www.ddec06.fr\/guide-ash-06\/wp-json\/wp\/v2\/pages\/26"}],"wp:attachment":[{"href":"https:\/\/www.ddec06.fr\/guide-ash-06\/wp-json\/wp\/v2\/media?parent=253"}],"curies":[{"name":"wp","href":"https:\/\/api.w.org\/{rel}","templated":true}]}}