{"id":251,"date":"2021-04-13T15:12:43","date_gmt":"2021-04-13T13:12:43","guid":{"rendered":"https:\/\/www.ddec06.fr\/guide-ash-06\/?page_id=251"},"modified":"2021-10-28T16:19:00","modified_gmt":"2021-10-28T14:19:00","slug":"les-centres-certa-cra","status":"publish","type":"page","link":"https:\/\/www.ddec06.fr\/guide-ash-06\/les-structures-et-dispositifs-adaptes-les-centres-et-professionnels-partenaires\/les-centres-certa-cra\/","title":{"rendered":"Les centres : CERTA &#8211; CRA"},"content":{"rendered":"<h1><span style=\"color: #4e9072;\"><strong><span style=\"font-size: 24pt;\">Le Centre de R\u00e9f\u00e9rence des Troubles des Apprentissages (CERTA)<\/span><\/strong><\/span><\/h1>\n<p>Le Centre de R\u00e9f\u00e9rence des Troubles des Apprentissages assure la prise en charge des enfants et des adolescents de 5 \u00e0 18 ans atteints d&rsquo;un trouble sp\u00e9cifique du langage et des apprentissages.<\/p>\n<ul>\n<li>Au CHU Lenval, \u00e0 Nice, <img loading=\"lazy\" decoding=\"async\" class=\"alignnone size-full wp-image-526\" src=\"https:\/\/www.ddec06.fr\/guide-ash-06\/wp-content\/uploads\/2021\/10\/www.jpg\" alt=\"\" width=\"56\" height=\"21\" \/><span style=\"color: #ff6600;\"><strong><a style=\"color: #ff6600;\" href=\"http:\/\/certa.lenval.org\/#\/accueil\/\">ici<\/a><\/strong><\/span><\/li>\n<li>Une unit\u00e9 sp\u00e9cialis\u00e9e dans les troubles des apprentissages, en lien avec le DERTA de Nice, \u00e0 l&rsquo;h\u00f4pital Clavary, \u00e0 Grasse,<span style=\"color: #ff6600;\"><strong><a style=\"color: #ff6600;\" href=\"http:\/\/www.ch-grasse.fr\/indexc0d9.html?go=pediatrie1\"><img loading=\"lazy\" decoding=\"async\" class=\"alignnone size-full wp-image-526\" src=\"https:\/\/www.ddec06.fr\/guide-ash-06\/wp-content\/uploads\/2021\/10\/www.jpg\" alt=\"\" width=\"56\" height=\"21\" \/> ici<\/a><\/strong><\/span><\/li>\n<\/ul>\n<p><span style=\"color: #4e9072;\"><strong>Attention, ces deux structures sont extr\u00eamement \u00ab\u00a0encombr\u00e9es\u00a0\u00bb, les d\u00e9lais d&rsquo;attente sont tr\u00e8s longs. Avez-vous bien tous les bilans demand\u00e9s ? L&rsquo;\u00e9cole est-elle bien associ\u00e9e \u00e0 cette demande ? Le bilan scolaire de l&rsquo;enseignant se r\u00e9v\u00e8lera fort utile pour les \u00e9quipes du CERTA. \u00a0Le partenariat est plus que recommand\u00e9 entre les enseignants et les \u00ab\u00a0soignants\u00a0\u00bb&#8230; Des regards crois\u00e9s sont les bienvenus ; ils\u00a0permettent d&rsquo;\u00eatre au plus proche des besoins \u00e9ducatifs particuliers.<\/strong><\/span><\/p>\n","protected":false},"excerpt":{"rendered":"<p>Le Centre de R\u00e9f\u00e9rence des Troubles des Apprentissages (CERTA) Le Centre de R\u00e9f\u00e9rence des Troubles des Apprentissages assure la prise en charge des enfants et des adolescents de 5 \u00e0 18 ans atteints d&rsquo;un trouble sp\u00e9cifique du langage et des apprentissages. Au CHU Lenval, \u00e0 Nice, ici Une unit\u00e9 sp\u00e9cialis\u00e9e<span class=\"more-link\"><a href=\"https:\/\/www.ddec06.fr\/guide-ash-06\/les-structures-et-dispositifs-adaptes-les-centres-et-professionnels-partenaires\/les-centres-certa-cra\/\">Lire la suite<\/a><\/span><\/p>\n","protected":false},"author":1,"featured_media":0,"parent":26,"menu_order":3,"comment_status":"closed","ping_status":"closed","template":"","meta":{"footnotes":""},"class_list":["entry","author-administrateur","post-251","page","type-page","status-publish"],"yoast_head":"<!-- This site is optimized with the Yoast SEO plugin v22.1 - https:\/\/yoast.com\/wordpress\/plugins\/seo\/ -->\n<title>Les centres : CERTA - CRA - GUIDE Ecole Inclusive de l&#039;Enseignement Catholique des Alpes-Maritimes<\/title>\n<meta name=\"robots\" content=\"index, follow, max-snippet:-1, max-image-preview:large, max-video-preview:-1\" \/>\n<link rel=\"canonical\" href=\"https:\/\/www.ddec06.fr\/guide-ash-06\/les-structures-et-dispositifs-adaptes-les-centres-et-professionnels-partenaires\/les-centres-certa-cra\/\" \/>\n<meta property=\"og:locale\" content=\"fr_FR\" \/>\n<meta property=\"og:type\" content=\"article\" \/>\n<meta property=\"og:title\" content=\"Les centres : CERTA - CRA - GUIDE Ecole Inclusive de l&#039;Enseignement Catholique des Alpes-Maritimes\" \/>\n<meta property=\"og:description\" content=\"Le Centre de R\u00e9f\u00e9rence des Troubles des Apprentissages (CERTA) Le Centre de R\u00e9f\u00e9rence des Troubles des Apprentissages assure la prise en charge des enfants et des adolescents de 5 \u00e0 18 ans atteints d&rsquo;un trouble sp\u00e9cifique du langage et des apprentissages. Au CHU Lenval, \u00e0 Nice, ici Une unit\u00e9 sp\u00e9cialis\u00e9eLire la suite\" \/>\n<meta property=\"og:url\" content=\"https:\/\/www.ddec06.fr\/guide-ash-06\/les-structures-et-dispositifs-adaptes-les-centres-et-professionnels-partenaires\/les-centres-certa-cra\/\" \/>\n<meta property=\"og:site_name\" content=\"GUIDE Ecole Inclusive de l&#039;Enseignement Catholique des Alpes-Maritimes\" \/>\n<meta property=\"article:modified_time\" content=\"2021-10-28T14:19:00+00:00\" \/>\n<meta property=\"og:image\" content=\"https:\/\/www.ddec06.fr\/guide-ash-06\/wp-content\/uploads\/2021\/10\/www.jpg\" \/>\n<meta name=\"twitter:card\" content=\"summary_large_image\" \/>\n<meta name=\"twitter:label1\" content=\"Dur\u00e9e de lecture estim\u00e9e\" \/>\n\t<meta name=\"twitter:data1\" content=\"1 minute\" \/>\n<script type=\"application\/ld+json\" class=\"yoast-schema-graph\">{\"@context\":\"https:\/\/schema.org\",\"@graph\":[{\"@type\":\"WebPage\",\"@id\":\"https:\/\/www.ddec06.fr\/guide-ash-06\/les-structures-et-dispositifs-adaptes-les-centres-et-professionnels-partenaires\/les-centres-certa-cra\/\",\"url\":\"https:\/\/www.ddec06.fr\/guide-ash-06\/les-structures-et-dispositifs-adaptes-les-centres-et-professionnels-partenaires\/les-centres-certa-cra\/\",\"name\":\"Les centres : CERTA - CRA - GUIDE Ecole Inclusive de l&#039;Enseignement Catholique des Alpes-Maritimes\",\"isPartOf\":{\"@id\":\"https:\/\/www.ddec06.fr\/guide-ash-06\/#website\"},\"datePublished\":\"2021-04-13T13:12:43+00:00\",\"dateModified\":\"2021-10-28T14:19:00+00:00\",\"breadcrumb\":{\"@id\":\"https:\/\/www.ddec06.fr\/guide-ash-06\/les-structures-et-dispositifs-adaptes-les-centres-et-professionnels-partenaires\/les-centres-certa-cra\/#breadcrumb\"},\"inLanguage\":\"fr-FR\",\"potentialAction\":[{\"@type\":\"ReadAction\",\"target\":[\"https:\/\/www.ddec06.fr\/guide-ash-06\/les-structures-et-dispositifs-adaptes-les-centres-et-professionnels-partenaires\/les-centres-certa-cra\/\"]}]},{\"@type\":\"BreadcrumbList\",\"@id\":\"https:\/\/www.ddec06.fr\/guide-ash-06\/les-structures-et-dispositifs-adaptes-les-centres-et-professionnels-partenaires\/les-centres-certa-cra\/#breadcrumb\",\"itemListElement\":[{\"@type\":\"ListItem\",\"position\":1,\"name\":\"Accueil\",\"item\":\"https:\/\/www.ddec06.fr\/guide-ash-06\/\"},{\"@type\":\"ListItem\",\"position\":2,\"name\":\"Les structures et dispositifs adapt\u00e9s &#8211; Les centres et professionnels partenaires\",\"item\":\"https:\/\/www.ddec06.fr\/guide-ash-06\/les-structures-et-dispositifs-adaptes-les-centres-et-professionnels-partenaires\/\"},{\"@type\":\"ListItem\",\"position\":3,\"name\":\"Les centres : CERTA &#8211; CRA\"}]},{\"@type\":\"WebSite\",\"@id\":\"https:\/\/www.ddec06.fr\/guide-ash-06\/#website\",\"url\":\"https:\/\/www.ddec06.fr\/guide-ash-06\/\",\"name\":\"GUIDE Ecole Inclusive de l&#039;Enseignement Catholique des Alpes-Maritimes\",\"description\":\"Accueillir les diff\u00e9rences en milieu scolaire.\",\"publisher\":{\"@id\":\"https:\/\/www.ddec06.fr\/guide-ash-06\/#organization\"},\"potentialAction\":[{\"@type\":\"SearchAction\",\"target\":{\"@type\":\"EntryPoint\",\"urlTemplate\":\"https:\/\/www.ddec06.fr\/guide-ash-06\/?s={search_term_string}\"},\"query-input\":\"required name=search_term_string\"}],\"inLanguage\":\"fr-FR\"},{\"@type\":\"Organization\",\"@id\":\"https:\/\/www.ddec06.fr\/guide-ash-06\/#organization\",\"name\":\"GUIDE Ecole Inclusive de l&#039;Enseignement Catholique des Alpes-Maritimes\",\"url\":\"https:\/\/www.ddec06.fr\/guide-ash-06\/\",\"logo\":{\"@type\":\"ImageObject\",\"inLanguage\":\"fr-FR\",\"@id\":\"https:\/\/www.ddec06.fr\/guide-ash-06\/#\/schema\/logo\/image\/\",\"url\":\"https:\/\/www.ddec06.fr\/guide-ash-06\/wp-content\/uploads\/2021\/04\/cropped-DDEC-DIOCESE-DE-NICE-SANS-DEGRADE-1-1.png\",\"contentUrl\":\"https:\/\/www.ddec06.fr\/guide-ash-06\/wp-content\/uploads\/2021\/04\/cropped-DDEC-DIOCESE-DE-NICE-SANS-DEGRADE-1-1.png\",\"width\":167,\"height\":100,\"caption\":\"GUIDE Ecole Inclusive de l&#039;Enseignement Catholique des Alpes-Maritimes\"},\"image\":{\"@id\":\"https:\/\/www.ddec06.fr\/guide-ash-06\/#\/schema\/logo\/image\/\"}}]}<\/script>\n<!-- \/ Yoast SEO plugin. -->","yoast_head_json":{"title":"Les centres : CERTA - CRA - GUIDE Ecole Inclusive de l&#039;Enseignement Catholique des Alpes-Maritimes","robots":{"index":"index","follow":"follow","max-snippet":"max-snippet:-1","max-image-preview":"max-image-preview:large","max-video-preview":"max-video-preview:-1"},"canonical":"https:\/\/www.ddec06.fr\/guide-ash-06\/les-structures-et-dispositifs-adaptes-les-centres-et-professionnels-partenaires\/les-centres-certa-cra\/","og_locale":"fr_FR","og_type":"article","og_title":"Les centres : CERTA - CRA - GUIDE Ecole Inclusive de l&#039;Enseignement Catholique des Alpes-Maritimes","og_description":"Le Centre de R\u00e9f\u00e9rence des Troubles des Apprentissages (CERTA) Le Centre de R\u00e9f\u00e9rence des Troubles des Apprentissages assure la prise en charge des enfants et des adolescents de 5 \u00e0 18 ans atteints d&rsquo;un trouble sp\u00e9cifique du langage et des apprentissages. Au CHU Lenval, \u00e0 Nice, ici Une unit\u00e9 sp\u00e9cialis\u00e9eLire la suite","og_url":"https:\/\/www.ddec06.fr\/guide-ash-06\/les-structures-et-dispositifs-adaptes-les-centres-et-professionnels-partenaires\/les-centres-certa-cra\/","og_site_name":"GUIDE Ecole Inclusive de l&#039;Enseignement Catholique des Alpes-Maritimes","article_modified_time":"2021-10-28T14:19:00+00:00","og_image":[{"url":"https:\/\/www.ddec06.fr\/guide-ash-06\/wp-content\/uploads\/2021\/10\/www.jpg"}],"twitter_card":"summary_large_image","twitter_misc":{"Dur\u00e9e de lecture estim\u00e9e":"1 minute"},"schema":{"@context":"https:\/\/schema.org","@graph":[{"@type":"WebPage","@id":"https:\/\/www.ddec06.fr\/guide-ash-06\/les-structures-et-dispositifs-adaptes-les-centres-et-professionnels-partenaires\/les-centres-certa-cra\/","url":"https:\/\/www.ddec06.fr\/guide-ash-06\/les-structures-et-dispositifs-adaptes-les-centres-et-professionnels-partenaires\/les-centres-certa-cra\/","name":"Les centres : CERTA - CRA - GUIDE Ecole Inclusive de l&#039;Enseignement Catholique des Alpes-Maritimes","isPartOf":{"@id":"https:\/\/www.ddec06.fr\/guide-ash-06\/#website"},"datePublished":"2021-04-13T13:12:43+00:00","dateModified":"2021-10-28T14:19:00+00:00","breadcrumb":{"@id":"https:\/\/www.ddec06.fr\/guide-ash-06\/les-structures-et-dispositifs-adaptes-les-centres-et-professionnels-partenaires\/les-centres-certa-cra\/#breadcrumb"},"inLanguage":"fr-FR","potentialAction":[{"@type":"ReadAction","target":["https:\/\/www.ddec06.fr\/guide-ash-06\/les-structures-et-dispositifs-adaptes-les-centres-et-professionnels-partenaires\/les-centres-certa-cra\/"]}]},{"@type":"BreadcrumbList","@id":"https:\/\/www.ddec06.fr\/guide-ash-06\/les-structures-et-dispositifs-adaptes-les-centres-et-professionnels-partenaires\/les-centres-certa-cra\/#breadcrumb","itemListElement":[{"@type":"ListItem","position":1,"name":"Accueil","item":"https:\/\/www.ddec06.fr\/guide-ash-06\/"},{"@type":"ListItem","position":2,"name":"Les structures et dispositifs adapt\u00e9s &#8211; Les centres et professionnels partenaires","item":"https:\/\/www.ddec06.fr\/guide-ash-06\/les-structures-et-dispositifs-adaptes-les-centres-et-professionnels-partenaires\/"},{"@type":"ListItem","position":3,"name":"Les centres : CERTA &#8211; CRA"}]},{"@type":"WebSite","@id":"https:\/\/www.ddec06.fr\/guide-ash-06\/#website","url":"https:\/\/www.ddec06.fr\/guide-ash-06\/","name":"GUIDE Ecole Inclusive de l&#039;Enseignement Catholique des Alpes-Maritimes","description":"Accueillir les diff\u00e9rences en milieu scolaire.","publisher":{"@id":"https:\/\/www.ddec06.fr\/guide-ash-06\/#organization"},"potentialAction":[{"@type":"SearchAction","target":{"@type":"EntryPoint","urlTemplate":"https:\/\/www.ddec06.fr\/guide-ash-06\/?s={search_term_string}"},"query-input":"required name=search_term_string"}],"inLanguage":"fr-FR"},{"@type":"Organization","@id":"https:\/\/www.ddec06.fr\/guide-ash-06\/#organization","name":"GUIDE Ecole Inclusive de l&#039;Enseignement Catholique des Alpes-Maritimes","url":"https:\/\/www.ddec06.fr\/guide-ash-06\/","logo":{"@type":"ImageObject","inLanguage":"fr-FR","@id":"https:\/\/www.ddec06.fr\/guide-ash-06\/#\/schema\/logo\/image\/","url":"https:\/\/www.ddec06.fr\/guide-ash-06\/wp-content\/uploads\/2021\/04\/cropped-DDEC-DIOCESE-DE-NICE-SANS-DEGRADE-1-1.png","contentUrl":"https:\/\/www.ddec06.fr\/guide-ash-06\/wp-content\/uploads\/2021\/04\/cropped-DDEC-DIOCESE-DE-NICE-SANS-DEGRADE-1-1.png","width":167,"height":100,"caption":"GUIDE Ecole Inclusive de l&#039;Enseignement Catholique des Alpes-Maritimes"},"image":{"@id":"https:\/\/www.ddec06.fr\/guide-ash-06\/#\/schema\/logo\/image\/"}}]}},"jetpack_sharing_enabled":true,"_links":{"self":[{"href":"https:\/\/www.ddec06.fr\/guide-ash-06\/wp-json\/wp\/v2\/pages\/251","targetHints":{"allow":["GET"]}}],"collection":[{"href":"https:\/\/www.ddec06.fr\/guide-ash-06\/wp-json\/wp\/v2\/pages"}],"about":[{"href":"https:\/\/www.ddec06.fr\/guide-ash-06\/wp-json\/wp\/v2\/types\/page"}],"author":[{"embeddable":true,"href":"https:\/\/www.ddec06.fr\/guide-ash-06\/wp-json\/wp\/v2\/users\/1"}],"replies":[{"embeddable":true,"href":"https:\/\/www.ddec06.fr\/guide-ash-06\/wp-json\/wp\/v2\/comments?post=251"}],"version-history":[{"count":5,"href":"https:\/\/www.ddec06.fr\/guide-ash-06\/wp-json\/wp\/v2\/pages\/251\/revisions"}],"predecessor-version":[{"id":719,"href":"https:\/\/www.ddec06.fr\/guide-ash-06\/wp-json\/wp\/v2\/pages\/251\/revisions\/719"}],"up":[{"embeddable":true,"href":"https:\/\/www.ddec06.fr\/guide-ash-06\/wp-json\/wp\/v2\/pages\/26"}],"wp:attachment":[{"href":"https:\/\/www.ddec06.fr\/guide-ash-06\/wp-json\/wp\/v2\/media?parent=251"}],"curies":[{"name":"wp","href":"https:\/\/api.w.org\/{rel}","templated":true}]}}