{"id":20,"date":"2021-03-29T20:11:13","date_gmt":"2021-03-29T18:11:13","guid":{"rendered":"https:\/\/www.ddec06.fr\/guide-ash-06\/?page_id=20"},"modified":"2021-10-27T15:03:40","modified_gmt":"2021-10-27T13:03:40","slug":"la-mdph","status":"publish","type":"page","link":"https:\/\/www.ddec06.fr\/guide-ash-06\/scolariser-des-eleves-a-besoins-educatifs-particuliers-et-en-situation-de-handicap\/la-mdph\/","title":{"rendered":"La MDPH"},"content":{"rendered":"<div id=\"pl-20\"  class=\"panel-layout\" ><div id=\"pg-20-0\"  class=\"panel-grid panel-no-style\" ><div id=\"pgc-20-0-0\"  class=\"panel-grid-cell\" ><div id=\"panel-20-0-0-0\" class=\"so-panel widget widget_sow-editor panel-first-child\" data-index=\"0\" ><div\n\t\t\t\n\t\t\tclass=\"so-widget-sow-editor so-widget-sow-editor-base\"\n\t\t\t\n\t\t>\n<div class=\"siteorigin-widget-tinymce textwidget\">\n\t<h1><span style=\"color: #4e9072;\">La MDPH<em> (Maison D\u00e9partementale Pour le Handicap)<\/em><\/span><\/h1>\n<p style=\"text-align: justify;\">La MDPH (Maison D\u00e9partementale Pour le Handicap) est un lieu unique d'accueil et de reconnaissance des droits pour l'ensemble des usagers, enfants et adultes, et quel que soit leur handicap. Elle a \u00e9t\u00e9 cr\u00e9\u00e9e par <strong><span style=\"color: #ff6600;\"><a style=\"color: #ff6600;\" href=\"http:\/\/www.education.gouv.fr\/cid207\/la-scolarisation-des-eleves-handicapes.html\"><img loading=\"lazy\" decoding=\"async\" class=\"alignnone size-full wp-image-526\" src=\"https:\/\/www.ddec06.fr\/guide-ash-06\/wp-content\/uploads\/2021\/10\/www.jpg\" alt=\"\" width=\"56\" height=\"21\" \/> la loi du 11 f\u00e9vrier 2005<\/a><\/span><\/strong> pour \"l'\u00e9galit\u00e9 des droits et des chances, la participation et la citoyennet\u00e9 des personnes handicap\u00e9es.\"<\/p>\n<p style=\"text-align: justify;\"><strong><span style=\"color: #ff6600;\"><a style=\"color: #ff6600;\" href=\"http:\/\/www.mdph.fr\/index.php?option=com_content&amp;view=article&amp;id=105:la-loi-du-11-fevrier-2005&amp;catid=49:que-dit-la-loi-&amp;Itemid=74\"><img loading=\"lazy\" decoding=\"async\" class=\"alignnone size-full wp-image-526\" src=\"https:\/\/www.ddec06.fr\/guide-ash-06\/wp-content\/uploads\/2021\/10\/www.jpg\" alt=\"\" width=\"56\" height=\"21\" \/> La Maison d\u00e9partementale des personnes handicap\u00e9es<\/a><\/span><\/strong> est mise en oeuvre par le D\u00e9partement, avec le concours de l'Etat, le Rectorat et les organismes de protection sociale (CAF\u00a0et\u00a0CPAM).<\/p>\n<\/div>\n<\/div><\/div><div id=\"panel-20-0-0-1\" class=\"so-panel widget widget_sow-editor\" data-index=\"1\" ><div class=\"panel-widget-style panel-widget-style-for-20-0-0-1\" ><div\n\t\t\t\n\t\t\tclass=\"so-widget-sow-editor so-widget-sow-editor-base\"\n\t\t\t\n\t\t>\n<div class=\"siteorigin-widget-tinymce textwidget\">\n\t<p style=\"text-align: center;\"><strong><span style=\"color: #ff0000;\">Formulaire 2019 \u00e0 t\u00e9l\u00e9charger, seul d\u00e9sormais valable depuis le 1er mai 2019.<\/span><\/strong><\/p>\n<p style=\"text-align: center;\">Formulaire<br \/>\n<a href=\"https:\/\/www.ddec06.fr\/guide06-ash\/structures-et-dispositifs\/la-mdph\/cerfa_15692-01\/\" target=\"_blank\" rel=\"attachment noopener wp-att-771\"><img loading=\"lazy\" decoding=\"async\" class=\"alignnone size-full wp-image-524\" src=\"https:\/\/www.ddec06.fr\/guide-ash-06\/wp-content\/uploads\/2021\/10\/icone-telechargement-vert-e1635258997547.png\" alt=\"\" width=\"23\" height=\"21\" \/> <strong><span style=\"color: #0000ff;\">cerfa_15692-01 <img loading=\"lazy\" decoding=\"async\" class=\"alignnone  wp-image-527\" src=\"https:\/\/www.ddec06.fr\/guide-ash-06\/wp-content\/uploads\/2021\/10\/pdf.png\" alt=\"\" width=\"21\" height=\"21\" \/><\/span><\/strong><\/a><\/p>\n<p style=\"text-align: center;\">Fiche facile \u00e0 lire : comment faire une demande<br \/>\n<a href=\"https:\/\/www.ddec06.fr\/guide06-ash\/structures-et-dispositifs\/la-mdph\/cnsa_17-11_fiches-facilealire_mdph_comment-faire-demande\/\" target=\"_blank\" rel=\"attachment noopener wp-att-772\"><strong><span style=\"color: #0000ff;\"><img loading=\"lazy\" decoding=\"async\" class=\"alignnone size-full wp-image-524\" src=\"https:\/\/www.ddec06.fr\/guide-ash-06\/wp-content\/uploads\/2021\/10\/icone-telechargement-vert-e1635258997547.png\" alt=\"\" width=\"23\" height=\"21\" \/> cnsa_17-11 <img loading=\"lazy\" decoding=\"async\" class=\"alignnone size-full wp-image-527\" src=\"https:\/\/www.ddec06.fr\/guide-ash-06\/wp-content\/uploads\/2021\/10\/pdf.png\" alt=\"\" width=\"21\" height=\"21\" \/><\/span><\/strong><\/a><\/p>\n<\/div>\n<\/div><\/div><\/div><div id=\"panel-20-0-0-2\" class=\"so-panel widget widget_sow-editor panel-last-child\" data-index=\"2\" ><div\n\t\t\t\n\t\t\tclass=\"so-widget-sow-editor so-widget-sow-editor-base\"\n\t\t\t\n\t\t>\n<div class=\"siteorigin-widget-tinymce textwidget\">\n\t<div id=\"panel-18-0-0-0\" class=\"so-panel widget widget_sow-editor panel-first-child\" data-index=\"0\">\n<div class=\"so-widget-sow-editor so-widget-sow-editor-base\">\n<div class=\"siteorigin-widget-tinymce textwidget\">\n<p><strong>L\u2019enseignant r\u00e9f\u00e9rent<\/strong>\u00a0est, au sein de l\u2019\u00e9ducation nationale, l<strong>\u2019acteur central des actions conduites en direction des \u00e9l\u00e8ves handicap\u00e9s.<\/strong>\u00a0Il est l\u2019interlocuteur privil\u00e9gi\u00e9 des parents ou des repr\u00e9sentants l\u00e9gaux de chaque \u00e9l\u00e8ve handicap\u00e9 fr\u00e9quentant dans son secteur d\u2019intervention un \u00e9tablissement scolaire ou une unit\u00e9 d\u2019enseignement d\u00e9finie par l\u2019article D. 351-17 du code de l\u2019\u00e9ducation, ou suivant une scolarit\u00e9 \u00e0 domicile dans le m\u00eame secteur, ou suivant une scolarit\u00e9 en milieu hospitalier. Il assure aupr\u00e8s de ces familles une mission essentielle d\u2019accueil et d\u2019information. Il se fait conna\u00eetre d\u2019elles et s\u2019assure qu\u2019elles connaissent ses coordonn\u00e9es postale et t\u00e9l\u00e9phonique.<\/p>\n<p>L\u2019enseignant r\u00e9f\u00e9rent exerce principalement ses missions en application des d\u00e9cisions de la commission des droits et de l\u2019autonomie et en vue de favoriser leur r\u00e9alisation.\u00a0<strong>Il veille \u00e0 la continuit\u00e9 et \u00e0 la coh\u00e9rence de la mise en \u0153uvre du\u00a0<a href=\"https:\/\/www.education.gouv.fr\/bo\/15\/Hebdo8\/MENE1502766A.htm\"><img loading=\"lazy\" decoding=\"async\" class=\"alignnone size-full wp-image-526\" src=\"https:\/\/www.ddec06.fr\/guide-ash-06\/wp-content\/uploads\/2021\/10\/www.jpg\" alt=\"\" width=\"56\" height=\"21\" \/>projet personnalis\u00e9 de scolarisation (PPS)<\/a>\u00a0.\u00a0<\/strong><strong>Il est l\u2019interlocuteur principal de toutes les parties prenantes de ce projet<\/strong>. Il assure un lien permanent avec l\u2019\u00e9quipe pluridisciplinaire pr\u00e9vue par l\u2019article L. 146-8 du code de l\u2019action sociale et des familles, dont il est le correspondant privil\u00e9gi\u00e9.<\/p>\n<\/div>\n<\/div>\n<\/div>\n<div id=\"panel-18-0-0-1\" class=\"so-panel widget widget_sow-editor\" data-index=\"1\">\n<div class=\"panel-widget-style panel-widget-style-for-18-0-0-1\">\n<div class=\"so-widget-sow-editor so-widget-sow-editor-base\">\n<div class=\"siteorigin-widget-tinymce textwidget\">\n<p style=\"text-align: center;\"><span style=\"color: #4e9072;\">-+-+-+-+-+-+-+-+-+-+-+-+-+-+-<\/span><\/p>\n<p><strong>NOUVEAU<\/strong>\u00a0Liste des Enseignants R\u00e9f\u00e9rents pour\u00a0<strong>2021\/2022<\/strong>, \u00e0 t\u00e9l\u00e9charger ci-dessous.<\/p>\n<p><strong><a href=\"https:\/\/ecole.ac-nice.fr\/ash-06\/wp-content\/uploads\/2021\/09\/LISTE-ERSH-2021-2022.docx\"><img loading=\"lazy\" decoding=\"async\" class=\"alignnone size-full wp-image-524\" src=\"https:\/\/www.ddec06.fr\/guide-ash-06\/wp-content\/uploads\/2021\/10\/icone-telechargement-vert-e1635258997547.png\" alt=\"\" width=\"23\" height=\"21\" \/> LISTE-ERSH - Ann\u00e9e scolaire 2021-2022 <img loading=\"lazy\" decoding=\"async\" class=\"alignnone size-full wp-image-527\" src=\"https:\/\/www.ddec06.fr\/guide-ash-06\/wp-content\/uploads\/2021\/10\/pdf.png\" alt=\"\" width=\"21\" height=\"21\" \/><\/a><\/strong><\/p>\n<\/div>\n<\/div>\n<\/div>\n<\/div>\n<div id=\"panel-18-0-0-3\" class=\"so-panel widget widget_sow-editor\" data-index=\"3\">\n<div class=\"panel-widget-style panel-widget-style-for-18-0-0-3\">\n<div class=\"so-widget-sow-editor so-widget-sow-editor-base\">\n<div class=\"siteorigin-widget-tinymce textwidget\">\n<p>&nbsp;<\/p>\n<\/div>\n<\/div>\n<\/div>\n<\/div>\n<\/div>\n<\/div><\/div><\/div><div id=\"pgc-20-0-1\"  class=\"panel-grid-cell\" ><div id=\"panel-20-0-1-0\" class=\"so-panel widget widget_sow-editor panel-first-child panel-last-child\" data-index=\"3\" ><div\n\t\t\t\n\t\t\tclass=\"so-widget-sow-editor so-widget-sow-editor-base\"\n\t\t\t\n\t\t>\n<div class=\"siteorigin-widget-tinymce textwidget\">\n\t<p style=\"text-align: center;\"><a href=\"https:\/\/mdph.departement06.fr\/\"><img loading=\"lazy\" decoding=\"async\" class=\"aligncenter wp-image-305\" src=\"https:\/\/www.ddec06.fr\/guide-ash-06\/wp-content\/uploads\/2021\/04\/mdph06-logo-e1618386257807-300x132.png\" alt=\"\" width=\"205\" height=\"90\" srcset=\"https:\/\/www.ddec06.fr\/guide-ash-06\/wp-content\/uploads\/2021\/04\/mdph06-logo-e1618386257807-300x132.png 300w, https:\/\/www.ddec06.fr\/guide-ash-06\/wp-content\/uploads\/2021\/04\/mdph06-logo-e1618386257807.png 351w\" sizes=\"auto, (max-width: 205px) 100vw, 205px\" \/><\/a><\/p>\n<div class=\"itemIcon address\" style=\"text-align: center;\">\n<p><strong>Maison d\u00e9partementale<br \/>\ndes personnes handicap\u00e9es<\/strong><\/p>\n<p><span style=\"text-decoration: underline;\">Adresse :<\/span><br \/>\nNice Leader<br \/>\nb\u00e2timent Ariane<br \/>\n27, boulevard Paul Montel<br \/>\n06200 Nice<\/p>\n<\/div>\n<div class=\"itemIcon phone\">\n<p style=\"text-align: center;\"><span style=\"text-decoration: underline;\">T\u00e9l\u00e9phone :<\/span><br \/>\n0.805.560.580<\/p>\n<p style=\"text-align: center;\"><span style=\"text-decoration: underline;\">Site Internet :<\/span><br \/>\n<a href=\"https:\/\/mdph.departement06.fr\"><span style=\"color: #ff6600;\"><strong>https:\/\/mdph.departement06.fr<\/strong><\/span><\/a><\/p>\n<\/div>\n<\/div>\n<\/div><\/div><\/div><\/div><\/div>","protected":false},"excerpt":{"rendered":"<p>La MDPH (Maison D\u00e9partementale Pour le Handicap) La MDPH (Maison D\u00e9partementale Pour le Handicap) est un lieu unique d&rsquo;accueil et de reconnaissance des droits pour l&rsquo;ensemble des usagers, enfants et adultes, et quel que soit leur handicap. Elle a \u00e9t\u00e9 cr\u00e9\u00e9e par la loi du 11 f\u00e9vrier 2005 pour \u00ab\u00a0l&rsquo;\u00e9galit\u00e9<span class=\"more-link\"><a href=\"https:\/\/www.ddec06.fr\/guide-ash-06\/scolariser-des-eleves-a-besoins-educatifs-particuliers-et-en-situation-de-handicap\/la-mdph\/\">Lire la suite<\/a><\/span><\/p>\n","protected":false},"author":1,"featured_media":652,"parent":9,"menu_order":5,"comment_status":"closed","ping_status":"closed","template":"","meta":{"footnotes":""},"class_list":["entry","author-administrateur","post-20","page","type-page","status-publish","has-post-thumbnail"],"yoast_head":"<!-- This site is optimized with the Yoast SEO plugin v22.1 - https:\/\/yoast.com\/wordpress\/plugins\/seo\/ -->\n<title>La MDPH - GUIDE Ecole Inclusive de l&#039;Enseignement Catholique des Alpes-Maritimes<\/title>\n<meta name=\"description\" content=\"La MDPH est un lieu unique d&#039;accueil et de reconnaissance des droits pour l&#039;ensemble des usagers, et quel que soit leur handicap.\" \/>\n<meta name=\"robots\" content=\"index, follow, max-snippet:-1, max-image-preview:large, max-video-preview:-1\" \/>\n<link rel=\"canonical\" href=\"https:\/\/www.ddec06.fr\/guide-ash-06\/scolariser-des-eleves-a-besoins-educatifs-particuliers-et-en-situation-de-handicap\/la-mdph\/\" \/>\n<meta property=\"og:locale\" content=\"fr_FR\" \/>\n<meta property=\"og:type\" content=\"article\" \/>\n<meta property=\"og:title\" content=\"La MDPH - GUIDE Ecole Inclusive de l&#039;Enseignement Catholique des Alpes-Maritimes\" \/>\n<meta property=\"og:description\" content=\"La MDPH est un lieu unique d&#039;accueil et de reconnaissance des droits pour l&#039;ensemble des usagers, et quel que soit leur handicap.\" \/>\n<meta property=\"og:url\" content=\"https:\/\/www.ddec06.fr\/guide-ash-06\/scolariser-des-eleves-a-besoins-educatifs-particuliers-et-en-situation-de-handicap\/la-mdph\/\" \/>\n<meta property=\"og:site_name\" content=\"GUIDE Ecole Inclusive de l&#039;Enseignement Catholique des Alpes-Maritimes\" \/>\n<meta property=\"article:modified_time\" content=\"2021-10-27T13:03:40+00:00\" \/>\n<meta property=\"og:image\" content=\"https:\/\/www.ddec06.fr\/guide-ash-06\/wp-content\/uploads\/2021\/10\/mdph.png\" \/>\n\t<meta property=\"og:image:width\" content=\"354\" \/>\n\t<meta property=\"og:image:height\" content=\"318\" \/>\n\t<meta property=\"og:image:type\" content=\"image\/png\" \/>\n<meta name=\"twitter:card\" content=\"summary_large_image\" \/>\n<meta name=\"twitter:label1\" content=\"Dur\u00e9e de lecture estim\u00e9e\" \/>\n\t<meta name=\"twitter:data1\" content=\"1 minute\" \/>\n<script type=\"application\/ld+json\" class=\"yoast-schema-graph\">{\"@context\":\"https:\/\/schema.org\",\"@graph\":[{\"@type\":\"WebPage\",\"@id\":\"https:\/\/www.ddec06.fr\/guide-ash-06\/scolariser-des-eleves-a-besoins-educatifs-particuliers-et-en-situation-de-handicap\/la-mdph\/\",\"url\":\"https:\/\/www.ddec06.fr\/guide-ash-06\/scolariser-des-eleves-a-besoins-educatifs-particuliers-et-en-situation-de-handicap\/la-mdph\/\",\"name\":\"La MDPH - GUIDE Ecole Inclusive de l&#039;Enseignement Catholique des Alpes-Maritimes\",\"isPartOf\":{\"@id\":\"https:\/\/www.ddec06.fr\/guide-ash-06\/#website\"},\"datePublished\":\"2021-03-29T18:11:13+00:00\",\"dateModified\":\"2021-10-27T13:03:40+00:00\",\"description\":\"La MDPH est un lieu unique d'accueil et de reconnaissance des droits pour l'ensemble des usagers, et quel que soit leur handicap.\",\"breadcrumb\":{\"@id\":\"https:\/\/www.ddec06.fr\/guide-ash-06\/scolariser-des-eleves-a-besoins-educatifs-particuliers-et-en-situation-de-handicap\/la-mdph\/#breadcrumb\"},\"inLanguage\":\"fr-FR\",\"potentialAction\":[{\"@type\":\"ReadAction\",\"target\":[\"https:\/\/www.ddec06.fr\/guide-ash-06\/scolariser-des-eleves-a-besoins-educatifs-particuliers-et-en-situation-de-handicap\/la-mdph\/\"]}]},{\"@type\":\"BreadcrumbList\",\"@id\":\"https:\/\/www.ddec06.fr\/guide-ash-06\/scolariser-des-eleves-a-besoins-educatifs-particuliers-et-en-situation-de-handicap\/la-mdph\/#breadcrumb\",\"itemListElement\":[{\"@type\":\"ListItem\",\"position\":1,\"name\":\"Accueil\",\"item\":\"https:\/\/www.ddec06.fr\/guide-ash-06\/\"},{\"@type\":\"ListItem\",\"position\":2,\"name\":\"Scolariser des \u00e9l\u00e8ves \u00e0 besoins \u00e9ducatifs particuliers et en situation de handicap\",\"item\":\"https:\/\/www.ddec06.fr\/guide-ash-06\/scolariser-des-eleves-a-besoins-educatifs-particuliers-et-en-situation-de-handicap\/\"},{\"@type\":\"ListItem\",\"position\":3,\"name\":\"La MDPH\"}]},{\"@type\":\"WebSite\",\"@id\":\"https:\/\/www.ddec06.fr\/guide-ash-06\/#website\",\"url\":\"https:\/\/www.ddec06.fr\/guide-ash-06\/\",\"name\":\"GUIDE Ecole Inclusive de l&#039;Enseignement Catholique des Alpes-Maritimes\",\"description\":\"Accueillir les diff\u00e9rences en milieu scolaire.\",\"publisher\":{\"@id\":\"https:\/\/www.ddec06.fr\/guide-ash-06\/#organization\"},\"potentialAction\":[{\"@type\":\"SearchAction\",\"target\":{\"@type\":\"EntryPoint\",\"urlTemplate\":\"https:\/\/www.ddec06.fr\/guide-ash-06\/?s={search_term_string}\"},\"query-input\":\"required name=search_term_string\"}],\"inLanguage\":\"fr-FR\"},{\"@type\":\"Organization\",\"@id\":\"https:\/\/www.ddec06.fr\/guide-ash-06\/#organization\",\"name\":\"GUIDE Ecole Inclusive de l&#039;Enseignement Catholique des Alpes-Maritimes\",\"url\":\"https:\/\/www.ddec06.fr\/guide-ash-06\/\",\"logo\":{\"@type\":\"ImageObject\",\"inLanguage\":\"fr-FR\",\"@id\":\"https:\/\/www.ddec06.fr\/guide-ash-06\/#\/schema\/logo\/image\/\",\"url\":\"https:\/\/www.ddec06.fr\/guide-ash-06\/wp-content\/uploads\/2021\/04\/cropped-DDEC-DIOCESE-DE-NICE-SANS-DEGRADE-1-1.png\",\"contentUrl\":\"https:\/\/www.ddec06.fr\/guide-ash-06\/wp-content\/uploads\/2021\/04\/cropped-DDEC-DIOCESE-DE-NICE-SANS-DEGRADE-1-1.png\",\"width\":167,\"height\":100,\"caption\":\"GUIDE Ecole Inclusive de l&#039;Enseignement Catholique des Alpes-Maritimes\"},\"image\":{\"@id\":\"https:\/\/www.ddec06.fr\/guide-ash-06\/#\/schema\/logo\/image\/\"}}]}<\/script>\n<!-- \/ Yoast SEO plugin. -->","yoast_head_json":{"title":"La MDPH - GUIDE Ecole Inclusive de l&#039;Enseignement Catholique des Alpes-Maritimes","description":"La MDPH est un lieu unique d'accueil et de reconnaissance des droits pour l'ensemble des usagers, et quel que soit leur handicap.","robots":{"index":"index","follow":"follow","max-snippet":"max-snippet:-1","max-image-preview":"max-image-preview:large","max-video-preview":"max-video-preview:-1"},"canonical":"https:\/\/www.ddec06.fr\/guide-ash-06\/scolariser-des-eleves-a-besoins-educatifs-particuliers-et-en-situation-de-handicap\/la-mdph\/","og_locale":"fr_FR","og_type":"article","og_title":"La MDPH - GUIDE Ecole Inclusive de l&#039;Enseignement Catholique des Alpes-Maritimes","og_description":"La MDPH est un lieu unique d'accueil et de reconnaissance des droits pour l'ensemble des usagers, et quel que soit leur handicap.","og_url":"https:\/\/www.ddec06.fr\/guide-ash-06\/scolariser-des-eleves-a-besoins-educatifs-particuliers-et-en-situation-de-handicap\/la-mdph\/","og_site_name":"GUIDE Ecole Inclusive de l&#039;Enseignement Catholique des Alpes-Maritimes","article_modified_time":"2021-10-27T13:03:40+00:00","og_image":[{"width":354,"height":318,"url":"https:\/\/www.ddec06.fr\/guide-ash-06\/wp-content\/uploads\/2021\/10\/mdph.png","type":"image\/png"}],"twitter_card":"summary_large_image","twitter_misc":{"Dur\u00e9e de lecture estim\u00e9e":"1 minute"},"schema":{"@context":"https:\/\/schema.org","@graph":[{"@type":"WebPage","@id":"https:\/\/www.ddec06.fr\/guide-ash-06\/scolariser-des-eleves-a-besoins-educatifs-particuliers-et-en-situation-de-handicap\/la-mdph\/","url":"https:\/\/www.ddec06.fr\/guide-ash-06\/scolariser-des-eleves-a-besoins-educatifs-particuliers-et-en-situation-de-handicap\/la-mdph\/","name":"La MDPH - GUIDE Ecole Inclusive de l&#039;Enseignement Catholique des Alpes-Maritimes","isPartOf":{"@id":"https:\/\/www.ddec06.fr\/guide-ash-06\/#website"},"datePublished":"2021-03-29T18:11:13+00:00","dateModified":"2021-10-27T13:03:40+00:00","description":"La MDPH est un lieu unique d'accueil et de reconnaissance des droits pour l'ensemble des usagers, et quel que soit leur handicap.","breadcrumb":{"@id":"https:\/\/www.ddec06.fr\/guide-ash-06\/scolariser-des-eleves-a-besoins-educatifs-particuliers-et-en-situation-de-handicap\/la-mdph\/#breadcrumb"},"inLanguage":"fr-FR","potentialAction":[{"@type":"ReadAction","target":["https:\/\/www.ddec06.fr\/guide-ash-06\/scolariser-des-eleves-a-besoins-educatifs-particuliers-et-en-situation-de-handicap\/la-mdph\/"]}]},{"@type":"BreadcrumbList","@id":"https:\/\/www.ddec06.fr\/guide-ash-06\/scolariser-des-eleves-a-besoins-educatifs-particuliers-et-en-situation-de-handicap\/la-mdph\/#breadcrumb","itemListElement":[{"@type":"ListItem","position":1,"name":"Accueil","item":"https:\/\/www.ddec06.fr\/guide-ash-06\/"},{"@type":"ListItem","position":2,"name":"Scolariser des \u00e9l\u00e8ves \u00e0 besoins \u00e9ducatifs particuliers et en situation de handicap","item":"https:\/\/www.ddec06.fr\/guide-ash-06\/scolariser-des-eleves-a-besoins-educatifs-particuliers-et-en-situation-de-handicap\/"},{"@type":"ListItem","position":3,"name":"La MDPH"}]},{"@type":"WebSite","@id":"https:\/\/www.ddec06.fr\/guide-ash-06\/#website","url":"https:\/\/www.ddec06.fr\/guide-ash-06\/","name":"GUIDE Ecole Inclusive de l&#039;Enseignement Catholique des Alpes-Maritimes","description":"Accueillir les diff\u00e9rences en milieu scolaire.","publisher":{"@id":"https:\/\/www.ddec06.fr\/guide-ash-06\/#organization"},"potentialAction":[{"@type":"SearchAction","target":{"@type":"EntryPoint","urlTemplate":"https:\/\/www.ddec06.fr\/guide-ash-06\/?s={search_term_string}"},"query-input":"required name=search_term_string"}],"inLanguage":"fr-FR"},{"@type":"Organization","@id":"https:\/\/www.ddec06.fr\/guide-ash-06\/#organization","name":"GUIDE Ecole Inclusive de l&#039;Enseignement Catholique des Alpes-Maritimes","url":"https:\/\/www.ddec06.fr\/guide-ash-06\/","logo":{"@type":"ImageObject","inLanguage":"fr-FR","@id":"https:\/\/www.ddec06.fr\/guide-ash-06\/#\/schema\/logo\/image\/","url":"https:\/\/www.ddec06.fr\/guide-ash-06\/wp-content\/uploads\/2021\/04\/cropped-DDEC-DIOCESE-DE-NICE-SANS-DEGRADE-1-1.png","contentUrl":"https:\/\/www.ddec06.fr\/guide-ash-06\/wp-content\/uploads\/2021\/04\/cropped-DDEC-DIOCESE-DE-NICE-SANS-DEGRADE-1-1.png","width":167,"height":100,"caption":"GUIDE Ecole Inclusive de l&#039;Enseignement Catholique des Alpes-Maritimes"},"image":{"@id":"https:\/\/www.ddec06.fr\/guide-ash-06\/#\/schema\/logo\/image\/"}}]}},"jetpack_sharing_enabled":true,"_links":{"self":[{"href":"https:\/\/www.ddec06.fr\/guide-ash-06\/wp-json\/wp\/v2\/pages\/20","targetHints":{"allow":["GET"]}}],"collection":[{"href":"https:\/\/www.ddec06.fr\/guide-ash-06\/wp-json\/wp\/v2\/pages"}],"about":[{"href":"https:\/\/www.ddec06.fr\/guide-ash-06\/wp-json\/wp\/v2\/types\/page"}],"author":[{"embeddable":true,"href":"https:\/\/www.ddec06.fr\/guide-ash-06\/wp-json\/wp\/v2\/users\/1"}],"replies":[{"embeddable":true,"href":"https:\/\/www.ddec06.fr\/guide-ash-06\/wp-json\/wp\/v2\/comments?post=20"}],"version-history":[{"count":9,"href":"https:\/\/www.ddec06.fr\/guide-ash-06\/wp-json\/wp\/v2\/pages\/20\/revisions"}],"predecessor-version":[{"id":651,"href":"https:\/\/www.ddec06.fr\/guide-ash-06\/wp-json\/wp\/v2\/pages\/20\/revisions\/651"}],"up":[{"embeddable":true,"href":"https:\/\/www.ddec06.fr\/guide-ash-06\/wp-json\/wp\/v2\/pages\/9"}],"wp:featuredmedia":[{"embeddable":true,"href":"https:\/\/www.ddec06.fr\/guide-ash-06\/wp-json\/wp\/v2\/media\/652"}],"wp:attachment":[{"href":"https:\/\/www.ddec06.fr\/guide-ash-06\/wp-json\/wp\/v2\/media?parent=20"}],"curies":[{"name":"wp","href":"https:\/\/api.w.org\/{rel}","templated":true}]}}